{"id":20760,"date":"2023-01-05T17:08:02","date_gmt":"2023-01-05T16:08:02","guid":{"rendered":"https:\/\/www.lecollectifdesfestivals.org\/collectif\/?page_id=20760"},"modified":"2023-01-09T09:42:54","modified_gmt":"2023-01-09T08:42:54","slug":"dispositif-vss-hadra","status":"publish","type":"page","link":"https:\/\/www.lecollectifdesfestivals.org\/collectif\/dispositif-vss-hadra\/","title":{"rendered":"Le dispositif de lutte contre les VSS \u00e0 Hadra Trance Festival"},"content":{"rendered":"\t\t<div data-elementor-type=\"wp-page\" data-elementor-id=\"20760\" class=\"elementor elementor-20760\">\n\t\t\t\t\t\t<div class=\"elementor-inner\">\n\t\t\t\t<div class=\"elementor-section-wrap\">\n\t\t\t\t\t\t\t\t\t<section class=\"elementor-section elementor-top-section elementor-element elementor-element-d99081c elementor-section-boxed elementor-section-height-default elementor-section-height-default\" data-id=\"d99081c\" data-element_type=\"section\">\n\t\t\t\t\t\t<div class=\"elementor-container elementor-column-gap-wide\">\n\t\t\t\t\t\t\t<div class=\"elementor-row\">\n\t\t\t\t\t<div class=\"elementor-column elementor-col-66 elementor-top-column elementor-element elementor-element-164e83ad\" data-id=\"164e83ad\" data-element_type=\"column\">\n\t\t\t<div class=\"elementor-column-wrap elementor-element-populated\">\n\t\t\t\t\t\t\t<div class=\"elementor-widget-wrap\">\n\t\t\t\t\t\t<div class=\"elementor-element elementor-element-3f3f3358 elementor-widget elementor-widget-text-editor\" data-id=\"3f3f3358\" data-element_type=\"widget\" data-widget_type=\"text-editor.default\">\n\t\t\t\t<div class=\"elementor-widget-container\">\n\t\t\t\t\t\t\t\t<div class=\"elementor-text-editor elementor-clearfix\">\n\t\t\t\t<p>Une r\u00e9flexion a \u00e9t\u00e9 entam\u00e9e \u00e0 l&rsquo;association Hadra d\u00e8s 2017, mais en 2019 suite \u00e0 des faits de violences sexuelles sur le festival, les organisateur\u00b7ices ont fait le constat du manque de proc\u00e9dures formalis\u00e9es, et du fait qu\u2019iels n\u2019\u00e9taient pas assez entour\u00e9\u00b7es sur ces sujets.\u00a0<\/p><p>L\u2019association Hadra a pu \u00eatre accompagn\u00e9\u00b7e\u00a0par deux associations, Serein\u00b7e\u00b7s, sp\u00e9cialis\u00e9e sur la lutte contre les violences sexistes et sexuelles en milieu festif, et Keep Smiling association de r\u00e9duction des risques (li\u00e9s \u00e0 la consommation de substances psycho-actives, risques auditifs, sant\u00e9 sexuelle).<\/p><p>Les \u00e9quipes permanentes ont \u00e9t\u00e9 form\u00e9es sur les violences sexistes et sexuelles : conseil d\u2019administration, salari\u00e9.es, et quelques personnes qui occupent des postes cl\u00e9s, soit une dizaine de de personnes. La formation s\u2019est d\u00e9roul\u00e9e pendant presque 2 ans, sur 5 sessions. Elle a permis de poser des bases autour des enjeux de violences sexistes et sexuelles, parler des faits et construire un protocole pour le festival.<\/p><p>La soci\u00e9t\u00e9 de s\u00e9curit\u00e9 a \u00e9t\u00e9 \u00e9galement impliqu\u00e9e sur le dispositif : des agent\u00b7es ont pu b\u00e9n\u00e9ficier d\u2019une formation anim\u00e9e par Serein\u00b7e\u00b7s et Keep Smiling. Les responsables de la soci\u00e9t\u00e9 de s\u00e9curit\u00e9 ont \u00e9t\u00e9 associ\u00e9s afin de concevoir une formation adapt\u00e9e aux besoins de leurs agent\u00b7es. Certains agent\u00b7es ont n\u00e9anmoins exprim\u00e9 le besoin d\u2019une meilleure prise en compte de leurs pratiques, notamment car les formations donnent la priorit\u00e9 \u00e0 l\u2019accueil et l\u2019orientation des victimes, alors que les agent\u00b7es vont principalement intervenir pour prendre en charge des agresseurs. Il est pr\u00e9vu de retravailler ce contenu de formation pour les \u00e9ditions \u00e0 venir.<\/p><p>En partenariat avec Serein\u00b7e\u00b7s, le Refuge Inaya a \u00e9t\u00e9 mis en place. Il comprenait un espace ressource (pour se reposer, \u00e9changer) en mixit\u00e9 choisie pour les femmes et personnes minoris\u00e9es de genre, et un espace ferm\u00e9 d\u00e9di\u00e9 au recueil de parole de victimes, \u00e0 l&rsquo;\u00e9cart. Il y avait un autre espace coll\u00e9 mais qui ne communiquait pas : le QG Inaya, pour les \u00e9quipes de b\u00e9n\u00e9voles en maraude dans le festival.<\/p><p>Le dispositif reposait ensuite sur l\u2019implication de 60 b\u00e9n\u00e9voles de la \u00ab\u00a0team Inaya\u00a0\u00bb, qui se sont relay\u00e9\u00b7es pendant le festival pour faire des maraudes. Tous\u00b7tes ont b\u00e9n\u00e9fici\u00e9 d\u2019une formation de 2 heures en visio, d\u2019une session de th\u00e9\u00e2tre forum avec la compagnie\u00a0La Pagaille et de 3 heures de formation en pr\u00e9sentiel avec Serein\u00b7e\u00b7s. Les b\u00e9n\u00e9voles ont notamment \u00e9t\u00e9 form\u00e9\u00b7es \u00e0 la m\u00e9thode des 5D<a href=\"#note\" name=\"_ftnref1\">[1]<\/a>, avec comme consigne de prioriser les victimes et de les accompagner au refuge, sans se mettre en difficult\u00e9 (en r\u00e9f\u00e9rer aux agent\u00b7es de s\u00e9curit\u00e9 ou aux responsables en cas de besoin).<\/p><p>L\u2019objectif des b\u00e9n\u00e9voles en maraudes \u00e9tait d\u2019identifier des situations \u00e0 risque et aider les victimes, mais aussi de visibiliser leur pr\u00e9sence, d\u2019informer sur l\u2019existence du dispositif et du Refuge. Un parcours avait \u00e9t\u00e9 identifi\u00e9 pour les b\u00e9n\u00e9voles en maraude, qui se relayaient entre midi et 6h du matin. Avec la nuit, le rep\u00e9rage de situations \u00e9tant plus compliqu\u00e9, les b\u00e9n\u00e9voles faisaient plut\u00f4t de la r\u00e9assurance. Au sein de l\u2019organisation, 6 salari\u00e9\u00b7es, form\u00e9\u00b7es sur les VSS, \u00e9taient co-responsables du dispositif et encadraient chaque \u00e9quipe de b\u00e9n\u00e9voles.<\/p><p>En cas de besoin de prise en charge, les personnes \u00e9taient syst\u00e9matiquement redirig\u00e9es vers le Refuge.<\/p><p>En cas d\u2019agression, la direction \u00e9tait pr\u00e9venue et pouvait faire le lien, si besoin, avec la gendarmerie. Toutes les 12 heures la directrice faisait \u00e9galement un point\u00a0avec la team Inaya et les responsables.<\/p><p>La transmission en interne du protocole s\u2019est fait lors des temps de pr\u00e9paration du festival. Les responsables de p\u00f4les ont \u00e9t\u00e9 inform\u00e9\u00b7es de l\u2019existence de l\u2019\u00e9quipe de b\u00e9n\u00e9voles Inaya, de qui contacter et sur quel canal \u00e0 la direction. Des rappels r\u00e9guliers ont \u00e9t\u00e9 faits par mails \u00e0 tous\u00b7tes les responsables de p\u00f4les, en rappelant que chacun\u00b7e a un r\u00f4le \u00e0 jouer avec la consigne de ne pas chercher \u00e0 prendre en charge les victimes soi-m\u00eame mais toujours les accompagner vers le Refuge.<\/p><p>Sur l\u2019\u00e9dition 2022, un espace camping en mixit\u00e9 choisie (r\u00e9serv\u00e9 aux femmes et minorit\u00e9s de genre) \u00e9tait \u00e9galement organis\u00e9. Une partie du camping a \u00e9t\u00e9 isol\u00e9e avec des barri\u00e8res, avec un\u00b7e agent\u00b7e de s\u00e9curit\u00e9 \u00e0 l\u2019entr\u00e9e. Les personnes qui souhaitaient y aller en faisaient la demande en amont (des explications \u00e9taient donn\u00e9es afin que les personnes comprennent bien de quoi il s\u2019agissait). Il fallait ensuite r\u00e9cup\u00e9rer un bracelet sp\u00e9cifique \u00e0 la billetterie, o\u00f9 la consigne \u00e9tait donn\u00e9e de ne pas questionner le genre de la personne. Une vingtaine de demandes ont \u00e9t\u00e9 faites \u00e0 l\u2019avance, et il \u00e9tait \u00e9galement possible d\u2019acc\u00e9der \u00e0 cet espace une fois sur place en faisant une demande au Refuge.<\/p><p>Un p\u00e9dibus a \u00e9galement \u00e9t\u00e9 mis en place afin de revenir vers l\u2019espace camping en \u00e9tant accompagn\u00e9 par des b\u00e9n\u00e9voles.<\/p>\t\t\t\t\t<\/div>\n\t\t\t\t\t\t<\/div>\n\t\t\t\t<\/div>\n\t\t\t\t<div class=\"elementor-element elementor-element-7d188a38 elementor-widget elementor-widget-text-editor\" data-id=\"7d188a38\" data-element_type=\"widget\" id=\"note\" data-widget_type=\"text-editor.default\">\n\t\t\t\t<div class=\"elementor-widget-container\">\n\t\t\t\t\t\t\t\t<div class=\"elementor-text-editor elementor-clearfix\">\n\t\t\t\t<p>1 &#8211;\u00a0<span style=\"background-color: var(--nv-site-bg); color: var(--nv-text-color); font-family: Poppins, var(--nv-fallback-ff); letter-spacing: 0px;\">M\u00e9thode d\u00e9velopp\u00e9e par le collectif Hollaback! pour r\u00e9agir lorsqu\u2019on est t\u00e9moin de harc\u00e8lement dans l\u2019espace public.<\/span><\/p>\t\t\t\t\t<\/div>\n\t\t\t\t\t\t<\/div>\n\t\t\t\t<\/div>\n\t\t\t\t\t\t<\/div>\n\t\t\t\t\t<\/div>\n\t\t<\/div>\n\t\t\t\t<div class=\"elementor-column elementor-col-33 elementor-top-column elementor-element elementor-element-20071d24\" data-id=\"20071d24\" data-element_type=\"column\">\n\t\t\t<div class=\"elementor-column-wrap elementor-element-populated\">\n\t\t\t\t\t\t\t<div class=\"elementor-widget-wrap\">\n\t\t\t\t\t\t<div class=\"elementor-element elementor-element-979cd40 elementor-widget elementor-widget-text-editor\" data-id=\"979cd40\" data-element_type=\"widget\" data-widget_type=\"text-editor.default\">\n\t\t\t\t<div class=\"elementor-widget-container\">\n\t\t\t\t\t\t\t\t<div class=\"elementor-text-editor elementor-clearfix\">\n\t\t\t\t<p><strong><em>Points de vigilance et d\u2019am\u00e9lioration<\/em><\/strong><\/p>\n<ul>\n<li>Le festival se situe dans un espace rural, qui rend l\u2019exclusion des agresseurs difficile. De plus, le parking est un espace de f\u00eate \u00e0 part enti\u00e8re, avec toujours de l\u2019animation, il y a donc un risque la personne exclue r\u00e9p\u00e8te des agressions \u00e0 cet endroit. Le lien avec la gendarmerie a permis aux organisateur\u00b7ices d\u2019assurer une prise en charge de la personne mise en cause y compris en dehors de l\u2019enceinte du festival.<\/li>\n<li>Les organisateur\u00b7ices ont reconnu qu\u2019il \u00e9tait difficile de mettre en \u0153uvre le protocole et de prendre du recul dans des situations o\u00f9 les personnes mises en cause sont connues des \u00e9quipes, ou en font partie (prestataires, artistes, intermittents\u2026). Conna\u00eetre la personne provoque des biais et une difficult\u00e9 \u00e0 garantir une \u00e9galit\u00e9 traitement. Un partenariat a donc \u00e9t\u00e9 cr\u00e9\u00e9 avec une structure ext\u00e9rieure (ici Egae) qui pouvait prendre le relais dans ces situations, par le biais d\u2019une adresse mail de signalement et la conduite d\u2019enqu\u00eate le cas \u00e9ch\u00e9ant.\n<\/li>\n<li>Emilie Ang\u00e9nieux, directrice, souligne la n\u00e9cessit\u00e9 d\u2019une approche globale : il est important de r\u00e9fl\u00e9chir \u00e0 un protocole, mais aussi \u00e0 pourquoi on le fait, et \u00eatre capable d\u2019identifier ce qu\u2019il se passe dans sa structure et \u00e0 son \u00e9v\u00e8nement, ce qui implique de d\u00e9terrer des choses et de les prendre en charge. Et c\u2019est essentiel d\u2019\u00eatre accompagn\u00e9\u00b7es pour cela, il y a besoin des comp\u00e9tences d\u2019associations sp\u00e9cialis\u00e9es.<\/li>\n<\/ul>\t\t\t\t\t<\/div>\n\t\t\t\t\t\t<\/div>\n\t\t\t\t<\/div>\n\t\t\t\t<div class=\"elementor-element elementor-element-315eea89 elementor-widget elementor-widget-text-editor\" data-id=\"315eea89\" data-element_type=\"widget\" data-widget_type=\"text-editor.default\">\n\t\t\t\t<div class=\"elementor-widget-container\">\n\t\t\t\t\t\t\t\t<div class=\"elementor-text-editor elementor-clearfix\">\n\t\t\t\t<p>Informations recueillies lors d\u2019un \u00e9change avec Emilie Ang\u00e9nieux, directrice du Hadra Trance festival.<\/p><p>Contact\u00a0: <a href=\"mailto:emilie@hadra.net\">emilie@hadra.net<\/a><\/p>\t\t\t\t\t<\/div>\n\t\t\t\t\t\t<\/div>\n\t\t\t\t<\/div>\n\t\t\t\t\t\t<\/div>\n\t\t\t\t\t<\/div>\n\t\t<\/div>\n\t\t\t\t\t\t\t\t<\/div>\n\t\t\t\t\t<\/div>\n\t\t<\/section>\n\t\t\t\t\t\t\t\t\t<\/div>\n\t\t\t<\/div>\n\t\t\t\t\t<\/div>\n\t\t","protected":false},"excerpt":{"rendered":"<p>Une r\u00e9flexion a \u00e9t\u00e9 entam\u00e9e \u00e0 l&rsquo;association Hadra d\u00e8s 2017, mais en 2019 suite \u00e0 des faits de violences sexuelles sur le festival, les organisateur\u00b7ices ont fait le constat du manque de proc\u00e9dures formalis\u00e9es, et du fait qu\u2019iels n\u2019\u00e9taient pas assez entour\u00e9\u00b7es sur ces sujets.\u00a0 L\u2019association Hadra a pu \u00eatre accompagn\u00e9\u00b7e\u00a0par deux associations, Serein\u00b7e\u00b7s, sp\u00e9cialis\u00e9e&hellip;&nbsp;<a href=\"https:\/\/www.lecollectifdesfestivals.org\/collectif\/dispositif-vss-hadra\/\" class=\"\" rel=\"bookmark\">Lire la suite &raquo;<span class=\"screen-reader-text\">Le dispositif de lutte contre les VSS \u00e0 Hadra Trance Festival<\/span><\/a><\/p>\n","protected":false},"author":1,"featured_media":0,"parent":0,"menu_order":0,"comment_status":"closed","ping_status":"closed","template":"","meta":{"neve_meta_sidebar":"full-width","neve_meta_container":"","neve_meta_enable_content_width":"on","neve_meta_content_width":100,"neve_meta_title_alignment":"","neve_meta_author_avatar":"","neve_post_elements_order":"","neve_meta_disable_header":"","neve_meta_disable_footer":"","neve_meta_disable_title":"","footnotes":""},"yoast_head":"<!-- This site is optimized with the Yoast SEO plugin v22.4 - https:\/\/yoast.com\/wordpress\/plugins\/seo\/ -->\n<title>Le dispositif de lutte contre les VSS \u00e0 Hadra Trance Festival &#8226; Le Collectif des festivals<\/title>\n<meta name=\"description\" content=\"Le Collectif des festivals accompagne les organisateurs de festivals de Bretagne dans leurs d\u00e9marches de d\u00e9veloppement durable et solidaire.\" \/>\n<meta name=\"robots\" content=\"index, follow, max-snippet:-1, max-image-preview:large, max-video-preview:-1\" \/>\n<link rel=\"canonical\" href=\"https:\/\/www.lecollectifdesfestivals.org\/collectif\/dispositif-vss-hadra\/\" \/>\n<meta property=\"og:locale\" content=\"fr_FR\" \/>\n<meta property=\"og:type\" content=\"article\" \/>\n<meta property=\"og:title\" content=\"Le dispositif de lutte contre les VSS \u00e0 Hadra Trance Festival &#8226; Le Collectif des festivals\" \/>\n<meta property=\"og:description\" content=\"Le Collectif des festivals accompagne les organisateurs de festivals de Bretagne dans leurs d\u00e9marches de d\u00e9veloppement durable et solidaire.\" \/>\n<meta property=\"og:url\" content=\"https:\/\/www.lecollectifdesfestivals.org\/collectif\/dispositif-vss-hadra\/\" \/>\n<meta property=\"og:site_name\" content=\"Le Collectif des festivals\" \/>\n<meta property=\"article:publisher\" content=\"https:\/\/www.facebook.com\/LeCollectifDesFestivals\/\" \/>\n<meta property=\"article:modified_time\" content=\"2023-01-09T08:42:54+00:00\" \/>\n<meta name=\"twitter:card\" content=\"summary_large_image\" \/>\n<meta name=\"twitter:site\" content=\"@CollFestivals\" \/>\n<meta name=\"twitter:label1\" content=\"Dur\u00e9e de lecture estim\u00e9e\" \/>\n\t<meta name=\"twitter:data1\" content=\"6 minutes\" \/>\n<script type=\"application\/ld+json\" class=\"yoast-schema-graph\">{\"@context\":\"https:\/\/schema.org\",\"@graph\":[{\"@type\":\"WebPage\",\"@id\":\"https:\/\/www.lecollectifdesfestivals.org\/collectif\/dispositif-vss-hadra\/\",\"url\":\"https:\/\/www.lecollectifdesfestivals.org\/collectif\/dispositif-vss-hadra\/\",\"name\":\"Le dispositif de lutte contre les VSS \u00e0 Hadra Trance Festival &#8226; Le Collectif des festivals\",\"isPartOf\":{\"@id\":\"https:\/\/www.lecollectifdesfestivals.org\/collectif\/#website\"},\"datePublished\":\"2023-01-05T16:08:02+00:00\",\"dateModified\":\"2023-01-09T08:42:54+00:00\",\"description\":\"Le Collectif des festivals accompagne les organisateurs de festivals de Bretagne dans leurs d\u00e9marches de d\u00e9veloppement durable et solidaire.\",\"breadcrumb\":{\"@id\":\"https:\/\/www.lecollectifdesfestivals.org\/collectif\/dispositif-vss-hadra\/#breadcrumb\"},\"inLanguage\":\"fr-FR\",\"potentialAction\":[{\"@type\":\"ReadAction\",\"target\":[\"https:\/\/www.lecollectifdesfestivals.org\/collectif\/dispositif-vss-hadra\/\"]}]},{\"@type\":\"BreadcrumbList\",\"@id\":\"https:\/\/www.lecollectifdesfestivals.org\/collectif\/dispositif-vss-hadra\/#breadcrumb\",\"itemListElement\":[{\"@type\":\"ListItem\",\"position\":1,\"name\":\"Accueil\",\"item\":\"https:\/\/www.lecollectifdesfestivals.org\/collectif\/\"},{\"@type\":\"ListItem\",\"position\":2,\"name\":\"Le dispositif de lutte contre les VSS \u00e0 Hadra Trance Festival\"}]},{\"@type\":\"WebSite\",\"@id\":\"https:\/\/www.lecollectifdesfestivals.org\/collectif\/#website\",\"url\":\"https:\/\/www.lecollectifdesfestivals.org\/collectif\/\",\"name\":\"Le Collectif des festivals\",\"description\":\"Depuis 2005,  le Collectif des festivals accompagne les transitions sociale et \u00e9cologique de la culture\",\"potentialAction\":[{\"@type\":\"SearchAction\",\"target\":{\"@type\":\"EntryPoint\",\"urlTemplate\":\"https:\/\/www.lecollectifdesfestivals.org\/collectif\/?s={search_term_string}\"},\"query-input\":\"required name=search_term_string\"}],\"inLanguage\":\"fr-FR\"}]}<\/script>\n<!-- \/ Yoast SEO plugin. -->","yoast_head_json":{"title":"Le dispositif de lutte contre les VSS \u00e0 Hadra Trance Festival &#8226; Le Collectif des festivals","description":"Le Collectif des festivals accompagne les organisateurs de festivals de Bretagne dans leurs d\u00e9marches de d\u00e9veloppement durable et solidaire.","robots":{"index":"index","follow":"follow","max-snippet":"max-snippet:-1","max-image-preview":"max-image-preview:large","max-video-preview":"max-video-preview:-1"},"canonical":"https:\/\/www.lecollectifdesfestivals.org\/collectif\/dispositif-vss-hadra\/","og_locale":"fr_FR","og_type":"article","og_title":"Le dispositif de lutte contre les VSS \u00e0 Hadra Trance Festival &#8226; Le Collectif des festivals","og_description":"Le Collectif des festivals accompagne les organisateurs de festivals de Bretagne dans leurs d\u00e9marches de d\u00e9veloppement durable et solidaire.","og_url":"https:\/\/www.lecollectifdesfestivals.org\/collectif\/dispositif-vss-hadra\/","og_site_name":"Le Collectif des festivals","article_publisher":"https:\/\/www.facebook.com\/LeCollectifDesFestivals\/","article_modified_time":"2023-01-09T08:42:54+00:00","twitter_card":"summary_large_image","twitter_site":"@CollFestivals","twitter_misc":{"Dur\u00e9e de lecture estim\u00e9e":"6 minutes"},"schema":{"@context":"https:\/\/schema.org","@graph":[{"@type":"WebPage","@id":"https:\/\/www.lecollectifdesfestivals.org\/collectif\/dispositif-vss-hadra\/","url":"https:\/\/www.lecollectifdesfestivals.org\/collectif\/dispositif-vss-hadra\/","name":"Le dispositif de lutte contre les VSS \u00e0 Hadra Trance Festival &#8226; Le Collectif des festivals","isPartOf":{"@id":"https:\/\/www.lecollectifdesfestivals.org\/collectif\/#website"},"datePublished":"2023-01-05T16:08:02+00:00","dateModified":"2023-01-09T08:42:54+00:00","description":"Le Collectif des festivals accompagne les organisateurs de festivals de Bretagne dans leurs d\u00e9marches de d\u00e9veloppement durable et solidaire.","breadcrumb":{"@id":"https:\/\/www.lecollectifdesfestivals.org\/collectif\/dispositif-vss-hadra\/#breadcrumb"},"inLanguage":"fr-FR","potentialAction":[{"@type":"ReadAction","target":["https:\/\/www.lecollectifdesfestivals.org\/collectif\/dispositif-vss-hadra\/"]}]},{"@type":"BreadcrumbList","@id":"https:\/\/www.lecollectifdesfestivals.org\/collectif\/dispositif-vss-hadra\/#breadcrumb","itemListElement":[{"@type":"ListItem","position":1,"name":"Accueil","item":"https:\/\/www.lecollectifdesfestivals.org\/collectif\/"},{"@type":"ListItem","position":2,"name":"Le dispositif de lutte contre les VSS \u00e0 Hadra Trance Festival"}]},{"@type":"WebSite","@id":"https:\/\/www.lecollectifdesfestivals.org\/collectif\/#website","url":"https:\/\/www.lecollectifdesfestivals.org\/collectif\/","name":"Le Collectif des festivals","description":"Depuis 2005,  le Collectif des festivals accompagne les transitions sociale et \u00e9cologique de la culture","potentialAction":[{"@type":"SearchAction","target":{"@type":"EntryPoint","urlTemplate":"https:\/\/www.lecollectifdesfestivals.org\/collectif\/?s={search_term_string}"},"query-input":"required name=search_term_string"}],"inLanguage":"fr-FR"}]}},"_links":{"self":[{"href":"https:\/\/www.lecollectifdesfestivals.org\/collectif\/wp-json\/wp\/v2\/pages\/20760"}],"collection":[{"href":"https:\/\/www.lecollectifdesfestivals.org\/collectif\/wp-json\/wp\/v2\/pages"}],"about":[{"href":"https:\/\/www.lecollectifdesfestivals.org\/collectif\/wp-json\/wp\/v2\/types\/page"}],"author":[{"embeddable":true,"href":"https:\/\/www.lecollectifdesfestivals.org\/collectif\/wp-json\/wp\/v2\/users\/1"}],"replies":[{"embeddable":true,"href":"https:\/\/www.lecollectifdesfestivals.org\/collectif\/wp-json\/wp\/v2\/comments?post=20760"}],"version-history":[{"count":3,"href":"https:\/\/www.lecollectifdesfestivals.org\/collectif\/wp-json\/wp\/v2\/pages\/20760\/revisions"}],"predecessor-version":[{"id":20809,"href":"https:\/\/www.lecollectifdesfestivals.org\/collectif\/wp-json\/wp\/v2\/pages\/20760\/revisions\/20809"}],"wp:attachment":[{"href":"https:\/\/www.lecollectifdesfestivals.org\/collectif\/wp-json\/wp\/v2\/media?parent=20760"}],"curies":[{"name":"wp","href":"https:\/\/api.w.org\/{rel}","templated":true}]}}