{"id":20766,"date":"2023-01-05T17:14:05","date_gmt":"2023-01-05T16:14:05","guid":{"rendered":"https:\/\/www.lecollectifdesfestivals.org\/collectif\/?page_id=20766"},"modified":"2023-06-28T12:20:47","modified_gmt":"2023-06-28T10:20:47","slug":"dispositif-vss-festival-cinema-dz","status":"publish","type":"page","link":"https:\/\/www.lecollectifdesfestivals.org\/collectif\/dispositif-vss-festival-cinema-dz\/","title":{"rendered":"Le dispositif de lutte contre les VSS au Festival de Cin\u00e9ma de Douarnenez"},"content":{"rendered":"\t\t<div data-elementor-type=\"wp-page\" data-elementor-id=\"20766\" class=\"elementor elementor-20766\">\n\t\t\t\t\t\t<div class=\"elementor-inner\">\n\t\t\t\t<div class=\"elementor-section-wrap\">\n\t\t\t\t\t\t\t\t\t<section class=\"elementor-section elementor-top-section elementor-element elementor-element-2b38b411 elementor-section-boxed elementor-section-height-default elementor-section-height-default\" data-id=\"2b38b411\" data-element_type=\"section\">\n\t\t\t\t\t\t<div class=\"elementor-container elementor-column-gap-wide\">\n\t\t\t\t\t\t\t<div class=\"elementor-row\">\n\t\t\t\t\t<div class=\"elementor-column elementor-col-66 elementor-top-column elementor-element elementor-element-5a4ffcfe\" data-id=\"5a4ffcfe\" data-element_type=\"column\">\n\t\t\t<div class=\"elementor-column-wrap elementor-element-populated\">\n\t\t\t\t\t\t\t<div class=\"elementor-widget-wrap\">\n\t\t\t\t\t\t<div class=\"elementor-element elementor-element-6f258068 elementor-widget elementor-widget-text-editor\" data-id=\"6f258068\" data-element_type=\"widget\" data-widget_type=\"text-editor.default\">\n\t\t\t\t<div class=\"elementor-widget-container\">\n\t\t\t\t\t\t\t\t<div class=\"elementor-text-editor elementor-clearfix\">\n\t\t\t\t<p>Au <a href=\"https:\/\/www.festival-douarnenez.com\/fr\/\" target=\"_blank\" rel=\"noopener\">festival de cin\u00e9ma de Douarnenez<\/a>, c\u2019est le fait d\u2019\u00eatre confront\u00e9 \u00e0 des situations de violence sans savoir comment r\u00e9agir qui a mis en lumi\u00e8re la n\u00e9cessit\u00e9 de discuter collectivement de cet enjeu, et d\u2019\u00eatre accompagn\u00e9\u00b7es.<\/p>\n<p>Une commission a \u00e9t\u00e9 constitu\u00e9e afin de r\u00e9fl\u00e9chir aux actions pouvant \u00eatre mises en \u0153uvre dans le cadre du festival pour pr\u00e9venir les violences et y r\u00e9agir lorsqu\u2019elles ont lieu.<\/p>\n<p>Ce travail a \u00e9t\u00e9 entam\u00e9 par la r\u00e9daction d\u2019une charte, propre au festival, qui met en avant les valeurs qui en font l\u2019adn et met en lumi\u00e8re diff\u00e9rentes formes de violences qui peuvent avoir lieu sur le festival<a href=\"#note\">[1]<\/a>. La charte a \u00e9t\u00e9 diffus\u00e9e assez largement et a constitu\u00e9 un bon support de discussion et de p\u00e9dagogie, notamment avec les habitu\u00e9\u00b7es du festival.<\/p>\n<p>C\u2019est finalement un groupe de travail comprenant des b\u00e9n\u00e9voles et membres du <a href=\"https:\/\/planningfamilialdz.jimdofree.com\/\" target=\"_blank\" rel=\"noopener\" class=\"broken_link\">Planning familial<\/a> qui a pris le relais pour construire un dispositif de terrain sur l\u2019\u00e9dition 2022. Les b\u00e9n\u00e9voles se sont empar\u00e9\u00b7es du sujet et ont \u00e9t\u00e9 force de proposition sur la mise en place du stand et de l\u2019Abri (espace d\u2019accueil sur le festival).<\/p>\n<p>Deux sessions de formations ont \u00e9t\u00e9 organis\u00e9es, anim\u00e9es par l\u2019association Consentis :<\/p>\n<ul>\n<li>Une session pour les salari\u00e9\u00b7es, une partie des membres du Conseil d\u2019administration, des b\u00e9n\u00e9voles et des membres du Planning Familial de Douarnenez (association qui allait coordonner le stand de pr\u00e9vention et la safe zone). La formation a permis de clarifier ce que l\u2019on entend par violences, et souligner qu\u2019elles soient punies par la loi, ce qui est rassurant en tant qu\u2019organisateur\u00b7ices et permet de l\u00e9gitimer l\u2019intervention.<\/li>\n<li>Une deuxi\u00e8me session, \u00e0 l\u2019origine pr\u00e9vue \u00e0 destination des \u00e9quipes de bar, mais finalement suivie de mani\u00e8re \u00e9parse par certains responsables de p\u00f4le.<\/li>\n<\/ul>\n<p><span style=\"background-color: var(--nv-site-bg); color: var(--nv-text-color); font-family: Poppins, var(--nv-fallback-ff); letter-spacing: 0px;\"><br>La transmission interne des informations relative aux VSS a \u00e9t\u00e9 r\u00e9alis\u00e9e par mail, avec explication de la d\u00e9marche et envoi de la charte et du flyer Consentis. Toutes les informations \u00e9taient \u00e9galement int\u00e9gr\u00e9es au livret b\u00e9n\u00e9vole. Les b\u00e9n\u00e9voles bars ont \u00e9t\u00e9 brief\u00e9s.<\/span><br><\/p>\n<p>Le dispositif \u00e9tait principalement articul\u00e9 autour de l\u2019Abri, espace de pr\u00e9vention et d\u2019accueil des potentielles victimes g\u00e9r\u00e9es par le Planning Familial de Douarnenez. Les b\u00e9n\u00e9voles \u00e9taient tr\u00e8s impliqu\u00e9\u00b7es et autonomes. Iels se sont appropri\u00e9 le dispositif et ont largement contribu\u00e9 \u00e0 sa construction notamment gr\u00e2ce \u00e0 des exp\u00e9rience ant\u00e9rieures.<\/p>\n<p>En raison du faible nombre de b\u00e9n\u00e9voles, il n\u2019\u00e9tait pas possible de maintenir le dispositif sur toute la dur\u00e9e du festival. Pendant les quatre jours de concert, les b\u00e9n\u00e9voles \u00e9taient organis\u00e9\u00b7es en \u00e9quipes de 4, avec 2 personnes au stand et 2 personnes se d\u00e9pla\u00e7ant sur le site, \u00e9quip\u00e9\u00b7es de gilets \u00ab&nbsp;brigade anti-relous&nbsp;\u00bb, pour assurer une pr\u00e9sence de 18h \u00e0 2h.<\/p>\n<p>Les maraudes permettaient de susciter la curiosit\u00e9 des festivalier\u00b7es et de faire de la p\u00e9dagogie. En cas de situation identifi\u00e9e, les b\u00e9n\u00e9voles avaient pour consigne de ramener la victime vers l\u2019Abri.<\/p>\n<p>La marche \u00e0 suivre en cas de violence est n\u00e9anmoins rest\u00e9 assez floue et n\u2019a pas \u00e9t\u00e9 formalis\u00e9. Concr\u00e8tement, les membres de la commission VSS \u00e9taient les interlocuteur\u00b7ices prioritaires. Le protocole reposait principalement sur une implication importante de la r\u00e9gie g\u00e9n\u00e9rale qui \u00e9tait r\u00e9f\u00e9rente, notamment pour intervenir et faire de la m\u00e9diation ou exclure les agresseurs identifi\u00e9s. L\u2019objectif \u00e9tait de d\u00e9charger au plus vite les b\u00e9n\u00e9voles \u00e0 qui l\u2019on a signal\u00e9 des violences ou qui \u00e9taient t\u00e9moins. Pour les \u00e9quipes bar par exemple, la consigne \u00e9tait donn\u00e9e de ne pas servir une personne qui d\u00e9range.&nbsp;<\/p>\t\t\t\t\t<\/div>\n\t\t\t\t\t\t<\/div>\n\t\t\t\t<\/div>\n\t\t\t\t<div class=\"elementor-element elementor-element-54863c79 elementor-widget elementor-widget-text-editor\" data-id=\"54863c79\" data-element_type=\"widget\" id=\"note\" data-widget_type=\"text-editor.default\">\n\t\t\t\t<div class=\"elementor-widget-container\">\n\t\t\t\t\t\t\t\t<div class=\"elementor-text-editor elementor-clearfix\">\n\t\t\t\t<p>1 &#8211;\u00a0<a style=\"background-color: var(--nv-site-bg); font-family: Poppins, var(--nv-fallback-ff); letter-spacing: 0px;\" href=\"https:\/\/www.festival-douarnenez.com\/fr\/lutte-contre-les-violences-sexistes-et-sexuelles\/\">https:\/\/www.festival-douarnenez.com\/fr\/lutte-contre-les-violences-sexistes-et-sexuelles\/<\/a><\/p>\t\t\t\t\t<\/div>\n\t\t\t\t\t\t<\/div>\n\t\t\t\t<\/div>\n\t\t\t\t\t\t<\/div>\n\t\t\t\t\t<\/div>\n\t\t<\/div>\n\t\t\t\t<div class=\"elementor-column elementor-col-33 elementor-top-column elementor-element elementor-element-1998369b\" data-id=\"1998369b\" data-element_type=\"column\">\n\t\t\t<div class=\"elementor-column-wrap elementor-element-populated\">\n\t\t\t\t\t\t\t<div class=\"elementor-widget-wrap\">\n\t\t\t\t\t\t<div class=\"elementor-element elementor-element-65816705 elementor-widget elementor-widget-text-editor\" data-id=\"65816705\" data-element_type=\"widget\" data-widget_type=\"text-editor.default\">\n\t\t\t\t<div class=\"elementor-widget-container\">\n\t\t\t\t\t\t\t\t<div class=\"elementor-text-editor elementor-clearfix\">\n\t\t\t\t<p><strong><em>Points de vigilance et d\u2019am\u00e9lioration<\/em><\/strong><\/p><ul><li>Former en amont l\u2019ensemble des \u00e9quipes et responsables b\u00e9n\u00e9voles.<br \/><br \/><\/li><li>Am\u00e9liorer la transmission aupr\u00e8s des \u00e9quipes (notamment des b\u00e9n\u00e9voles), qui n\u2019a pas \u00e9t\u00e9 suffisante, avec des protocoles trop peu formalis\u00e9s.<br \/><br \/><\/li><li>Il a \u00e9t\u00e9 difficile de construire un protocole effectif. En pratique, sur l\u2019espace concert il est impossible d\u2019exclure d\u00e9finitivement les agresseurs identifi\u00e9s car il n\u2019y a pas de r\u00e9el contr\u00f4le \u00e0 l\u2019entr\u00e9e. Pour les autres espaces du festival (les espaces de projection notamment), aucun protocole sp\u00e9cifique n\u2019a \u00e9t\u00e9 mis en place.<br \/><br \/><\/li><li>Un manque de b\u00e9n\u00e9voles d\u00e9di\u00e9s sur la pr\u00e9vention des VSS, malgr\u00e9 une prise de contact aupr\u00e8s des r\u00e9seaux f\u00e9ministes locaux. En raison du manque de b\u00e9n\u00e9voles, les horaires du stand ont d\u00fb \u00eatre am\u00e9nag\u00e9s et il n\u2019y a pas eu de pr\u00e9sence sur tout le temps du festival, mais seulement pendant les 4 jours de concert.<\/li><\/ul>\t\t\t\t\t<\/div>\n\t\t\t\t\t\t<\/div>\n\t\t\t\t<\/div>\n\t\t\t\t<div class=\"elementor-element elementor-element-15f3fbe0 elementor-widget elementor-widget-text-editor\" data-id=\"15f3fbe0\" data-element_type=\"widget\" data-widget_type=\"text-editor.default\">\n\t\t\t\t<div class=\"elementor-widget-container\">\n\t\t\t\t\t\t\t\t<div class=\"elementor-text-editor elementor-clearfix\">\n\t\t\t\t<p>Informations recueillies lors d\u2019un \u00e9change avec Charlotte Clergeau, anciennement coordinatrice logistique et b\u00e9n\u00e9volat au Festival de cin\u00e9ma de Douarnenez.<\/p><p>Contact\u00a0: Christian Ryo, directeur du festival \/ <a href=\"mailto:christian@festival-douarnenez.com\">christian@festival-douarnenez.com<\/a><\/p>\t\t\t\t\t<\/div>\n\t\t\t\t\t\t<\/div>\n\t\t\t\t<\/div>\n\t\t\t\t\t\t<\/div>\n\t\t\t\t\t<\/div>\n\t\t<\/div>\n\t\t\t\t\t\t\t\t<\/div>\n\t\t\t\t\t<\/div>\n\t\t<\/section>\n\t\t\t\t\t\t\t\t\t<\/div>\n\t\t\t<\/div>\n\t\t\t\t\t<\/div>\n\t\t","protected":false},"excerpt":{"rendered":"<p>Au festival de cin\u00e9ma de Douarnenez, c\u2019est le fait d\u2019\u00eatre confront\u00e9 \u00e0 des situations de violence sans savoir comment r\u00e9agir qui a mis en lumi\u00e8re la n\u00e9cessit\u00e9 de discuter collectivement de cet enjeu, et d\u2019\u00eatre accompagn\u00e9\u00b7es. Une commission a \u00e9t\u00e9 constitu\u00e9e afin de r\u00e9fl\u00e9chir aux actions pouvant \u00eatre mises en \u0153uvre dans le cadre du&hellip;&nbsp;<a href=\"https:\/\/www.lecollectifdesfestivals.org\/collectif\/dispositif-vss-festival-cinema-dz\/\" class=\"\" rel=\"bookmark\">Lire la suite &raquo;<span class=\"screen-reader-text\">Le dispositif de lutte contre les VSS au Festival de Cin\u00e9ma de Douarnenez<\/span><\/a><\/p>\n","protected":false},"author":1,"featured_media":0,"parent":0,"menu_order":0,"comment_status":"closed","ping_status":"closed","template":"","meta":{"neve_meta_sidebar":"full-width","neve_meta_container":"","neve_meta_enable_content_width":"on","neve_meta_content_width":100,"neve_meta_title_alignment":"","neve_meta_author_avatar":"","neve_post_elements_order":"","neve_meta_disable_header":"","neve_meta_disable_footer":"","neve_meta_disable_title":"","footnotes":""},"yoast_head":"<!-- This site is optimized with the Yoast SEO plugin v22.4 - https:\/\/yoast.com\/wordpress\/plugins\/seo\/ -->\n<title>Le dispositif de lutte contre les VSS au Festival de Cin\u00e9ma de Douarnenez &#8226; Le Collectif des festivals<\/title>\n<meta name=\"description\" content=\"Le Collectif des festivals accompagne les organisateurs de festivals de Bretagne dans leurs d\u00e9marches de d\u00e9veloppement durable et solidaire.\" \/>\n<meta name=\"robots\" content=\"index, follow, max-snippet:-1, max-image-preview:large, max-video-preview:-1\" \/>\n<link rel=\"canonical\" href=\"https:\/\/www.lecollectifdesfestivals.org\/collectif\/dispositif-vss-festival-cinema-dz\/\" \/>\n<meta property=\"og:locale\" content=\"fr_FR\" \/>\n<meta property=\"og:type\" content=\"article\" \/>\n<meta property=\"og:title\" content=\"Le dispositif de lutte contre les VSS au Festival de Cin\u00e9ma de Douarnenez &#8226; Le Collectif des festivals\" \/>\n<meta property=\"og:description\" content=\"Le Collectif des festivals accompagne les organisateurs de festivals de Bretagne dans leurs d\u00e9marches de d\u00e9veloppement durable et solidaire.\" \/>\n<meta property=\"og:url\" content=\"https:\/\/www.lecollectifdesfestivals.org\/collectif\/dispositif-vss-festival-cinema-dz\/\" \/>\n<meta property=\"og:site_name\" content=\"Le Collectif des festivals\" \/>\n<meta property=\"article:publisher\" content=\"https:\/\/www.facebook.com\/LeCollectifDesFestivals\/\" \/>\n<meta property=\"article:modified_time\" content=\"2023-06-28T10:20:47+00:00\" \/>\n<meta name=\"twitter:card\" content=\"summary_large_image\" \/>\n<meta name=\"twitter:site\" content=\"@CollFestivals\" \/>\n<meta name=\"twitter:label1\" content=\"Dur\u00e9e de lecture estim\u00e9e\" \/>\n\t<meta name=\"twitter:data1\" content=\"4 minutes\" \/>\n<script type=\"application\/ld+json\" class=\"yoast-schema-graph\">{\"@context\":\"https:\/\/schema.org\",\"@graph\":[{\"@type\":\"WebPage\",\"@id\":\"https:\/\/www.lecollectifdesfestivals.org\/collectif\/dispositif-vss-festival-cinema-dz\/\",\"url\":\"https:\/\/www.lecollectifdesfestivals.org\/collectif\/dispositif-vss-festival-cinema-dz\/\",\"name\":\"Le dispositif de lutte contre les VSS au Festival de Cin\u00e9ma de Douarnenez &#8226; Le Collectif des festivals\",\"isPartOf\":{\"@id\":\"https:\/\/www.lecollectifdesfestivals.org\/collectif\/#website\"},\"datePublished\":\"2023-01-05T16:14:05+00:00\",\"dateModified\":\"2023-06-28T10:20:47+00:00\",\"description\":\"Le Collectif des festivals accompagne les organisateurs de festivals de Bretagne dans leurs d\u00e9marches de d\u00e9veloppement durable et solidaire.\",\"breadcrumb\":{\"@id\":\"https:\/\/www.lecollectifdesfestivals.org\/collectif\/dispositif-vss-festival-cinema-dz\/#breadcrumb\"},\"inLanguage\":\"fr-FR\",\"potentialAction\":[{\"@type\":\"ReadAction\",\"target\":[\"https:\/\/www.lecollectifdesfestivals.org\/collectif\/dispositif-vss-festival-cinema-dz\/\"]}]},{\"@type\":\"BreadcrumbList\",\"@id\":\"https:\/\/www.lecollectifdesfestivals.org\/collectif\/dispositif-vss-festival-cinema-dz\/#breadcrumb\",\"itemListElement\":[{\"@type\":\"ListItem\",\"position\":1,\"name\":\"Accueil\",\"item\":\"https:\/\/www.lecollectifdesfestivals.org\/collectif\/\"},{\"@type\":\"ListItem\",\"position\":2,\"name\":\"Le dispositif de lutte contre les VSS au Festival de Cin\u00e9ma de Douarnenez\"}]},{\"@type\":\"WebSite\",\"@id\":\"https:\/\/www.lecollectifdesfestivals.org\/collectif\/#website\",\"url\":\"https:\/\/www.lecollectifdesfestivals.org\/collectif\/\",\"name\":\"Le Collectif des festivals\",\"description\":\"Depuis 2005,  le Collectif des festivals accompagne les transitions sociale et \u00e9cologique de la culture\",\"potentialAction\":[{\"@type\":\"SearchAction\",\"target\":{\"@type\":\"EntryPoint\",\"urlTemplate\":\"https:\/\/www.lecollectifdesfestivals.org\/collectif\/?s={search_term_string}\"},\"query-input\":\"required name=search_term_string\"}],\"inLanguage\":\"fr-FR\"}]}<\/script>\n<!-- \/ Yoast SEO plugin. -->","yoast_head_json":{"title":"Le dispositif de lutte contre les VSS au Festival de Cin\u00e9ma de Douarnenez &#8226; Le Collectif des festivals","description":"Le Collectif des festivals accompagne les organisateurs de festivals de Bretagne dans leurs d\u00e9marches de d\u00e9veloppement durable et solidaire.","robots":{"index":"index","follow":"follow","max-snippet":"max-snippet:-1","max-image-preview":"max-image-preview:large","max-video-preview":"max-video-preview:-1"},"canonical":"https:\/\/www.lecollectifdesfestivals.org\/collectif\/dispositif-vss-festival-cinema-dz\/","og_locale":"fr_FR","og_type":"article","og_title":"Le dispositif de lutte contre les VSS au Festival de Cin\u00e9ma de Douarnenez &#8226; Le Collectif des festivals","og_description":"Le Collectif des festivals accompagne les organisateurs de festivals de Bretagne dans leurs d\u00e9marches de d\u00e9veloppement durable et solidaire.","og_url":"https:\/\/www.lecollectifdesfestivals.org\/collectif\/dispositif-vss-festival-cinema-dz\/","og_site_name":"Le Collectif des festivals","article_publisher":"https:\/\/www.facebook.com\/LeCollectifDesFestivals\/","article_modified_time":"2023-06-28T10:20:47+00:00","twitter_card":"summary_large_image","twitter_site":"@CollFestivals","twitter_misc":{"Dur\u00e9e de lecture estim\u00e9e":"4 minutes"},"schema":{"@context":"https:\/\/schema.org","@graph":[{"@type":"WebPage","@id":"https:\/\/www.lecollectifdesfestivals.org\/collectif\/dispositif-vss-festival-cinema-dz\/","url":"https:\/\/www.lecollectifdesfestivals.org\/collectif\/dispositif-vss-festival-cinema-dz\/","name":"Le dispositif de lutte contre les VSS au Festival de Cin\u00e9ma de Douarnenez &#8226; Le Collectif des festivals","isPartOf":{"@id":"https:\/\/www.lecollectifdesfestivals.org\/collectif\/#website"},"datePublished":"2023-01-05T16:14:05+00:00","dateModified":"2023-06-28T10:20:47+00:00","description":"Le Collectif des festivals accompagne les organisateurs de festivals de Bretagne dans leurs d\u00e9marches de d\u00e9veloppement durable et solidaire.","breadcrumb":{"@id":"https:\/\/www.lecollectifdesfestivals.org\/collectif\/dispositif-vss-festival-cinema-dz\/#breadcrumb"},"inLanguage":"fr-FR","potentialAction":[{"@type":"ReadAction","target":["https:\/\/www.lecollectifdesfestivals.org\/collectif\/dispositif-vss-festival-cinema-dz\/"]}]},{"@type":"BreadcrumbList","@id":"https:\/\/www.lecollectifdesfestivals.org\/collectif\/dispositif-vss-festival-cinema-dz\/#breadcrumb","itemListElement":[{"@type":"ListItem","position":1,"name":"Accueil","item":"https:\/\/www.lecollectifdesfestivals.org\/collectif\/"},{"@type":"ListItem","position":2,"name":"Le dispositif de lutte contre les VSS au Festival de Cin\u00e9ma de Douarnenez"}]},{"@type":"WebSite","@id":"https:\/\/www.lecollectifdesfestivals.org\/collectif\/#website","url":"https:\/\/www.lecollectifdesfestivals.org\/collectif\/","name":"Le Collectif des festivals","description":"Depuis 2005,  le Collectif des festivals accompagne les transitions sociale et \u00e9cologique de la culture","potentialAction":[{"@type":"SearchAction","target":{"@type":"EntryPoint","urlTemplate":"https:\/\/www.lecollectifdesfestivals.org\/collectif\/?s={search_term_string}"},"query-input":"required name=search_term_string"}],"inLanguage":"fr-FR"}]}},"_links":{"self":[{"href":"https:\/\/www.lecollectifdesfestivals.org\/collectif\/wp-json\/wp\/v2\/pages\/20766"}],"collection":[{"href":"https:\/\/www.lecollectifdesfestivals.org\/collectif\/wp-json\/wp\/v2\/pages"}],"about":[{"href":"https:\/\/www.lecollectifdesfestivals.org\/collectif\/wp-json\/wp\/v2\/types\/page"}],"author":[{"embeddable":true,"href":"https:\/\/www.lecollectifdesfestivals.org\/collectif\/wp-json\/wp\/v2\/users\/1"}],"replies":[{"embeddable":true,"href":"https:\/\/www.lecollectifdesfestivals.org\/collectif\/wp-json\/wp\/v2\/comments?post=20766"}],"version-history":[{"count":3,"href":"https:\/\/www.lecollectifdesfestivals.org\/collectif\/wp-json\/wp\/v2\/pages\/20766\/revisions"}],"predecessor-version":[{"id":22895,"href":"https:\/\/www.lecollectifdesfestivals.org\/collectif\/wp-json\/wp\/v2\/pages\/20766\/revisions\/22895"}],"wp:attachment":[{"href":"https:\/\/www.lecollectifdesfestivals.org\/collectif\/wp-json\/wp\/v2\/media?parent=20766"}],"curies":[{"name":"wp","href":"https:\/\/api.w.org\/{rel}","templated":true}]}}