{"id":20772,"date":"2023-01-05T17:19:46","date_gmt":"2023-01-05T16:19:46","guid":{"rendered":"https:\/\/www.lecollectifdesfestivals.org\/collectif\/?page_id=20772"},"modified":"2023-11-20T09:39:30","modified_gmt":"2023-11-20T08:39:30","slug":"dispositif-vss-art-rock","status":"publish","type":"page","link":"https:\/\/www.lecollectifdesfestivals.org\/collectif\/dispositif-vss-art-rock\/","title":{"rendered":"Le dispositif de lutte contre les VSS \u00e0 Art Rock"},"content":{"rendered":"\t\t<div data-elementor-type=\"wp-page\" data-elementor-id=\"20772\" class=\"elementor elementor-20772\">\n\t\t\t\t\t\t<div class=\"elementor-inner\">\n\t\t\t\t<div class=\"elementor-section-wrap\">\n\t\t\t\t\t\t\t\t\t<section class=\"elementor-section elementor-top-section elementor-element elementor-element-74ae8187 elementor-section-boxed elementor-section-height-default elementor-section-height-default\" data-id=\"74ae8187\" data-element_type=\"section\">\n\t\t\t\t\t\t<div class=\"elementor-container elementor-column-gap-wide\">\n\t\t\t\t\t\t\t<div class=\"elementor-row\">\n\t\t\t\t\t<div class=\"elementor-column elementor-col-66 elementor-top-column elementor-element elementor-element-3048b287\" data-id=\"3048b287\" data-element_type=\"column\">\n\t\t\t<div class=\"elementor-column-wrap elementor-element-populated\">\n\t\t\t\t\t\t\t<div class=\"elementor-widget-wrap\">\n\t\t\t\t\t\t<div class=\"elementor-element elementor-element-63869ab4 elementor-widget elementor-widget-text-editor\" data-id=\"63869ab4\" data-element_type=\"widget\" data-widget_type=\"text-editor.default\">\n\t\t\t\t<div class=\"elementor-widget-container\">\n\t\t\t\t\t\t\t\t<div class=\"elementor-text-editor elementor-clearfix\">\n\t\t\t\t<p>Une salari\u00e9e a \u00e9t\u00e9 form\u00e9e par Maud Raffray, activatrice d\u2019\u00e9galit\u00e9 femmes-hommes. Cette salari\u00e9e est devenue la r\u00e9f\u00e9rente sur toutes les questions de lutte contre les violences sexistes et sexuelles dans le festival. Elle a travaill\u00e9 en partenariat avec le <a href=\"https:\/\/www.planning-familial.org\/fr\/le-planning-familial-des-cotes-darmor-22\" target=\"_blank\" rel=\"noopener\">Planning Familial de Saint-Brieuc<\/a> pour construire un support de formation, diffus\u00e9 \u00e0 l\u2019\u00e9quipe et aux b\u00e9n\u00e9voles.<\/p>\n<p>Le protocole a \u00e9t\u00e9 construit en amont par la direction, le responsable technique et la r\u00e9f\u00e9rente, puis communiqu\u00e9 aux parties prenantes. Le travail avec la protection civile a permis d\u2019avoir un personnel form\u00e9 pour accueillir les victimes, op\u00e9rationnel en urgence et qui se d\u00e9ploie rapidement.<\/p>\n<p>Un stand \u00e9tait organis\u00e9 par le Planning Familial, avec 2 ou 3 personnes du Planning et des b\u00e9n\u00e9voles recrut\u00e9es par elles.<\/p>\n<p>Un protocole de prise en charge a \u00e9t\u00e9 construit en interne au festival. Il s\u2019appuyait sur le dispositif \u00ab&nbsp;O\u00f9 est Angela&nbsp;?&nbsp;\u00bb<a href=\"#note\" name=\"_ftnref1\">[1]<\/a> d\u00e9j\u00e0 d\u00e9ploy\u00e9 \u00e0 Saint-Brieuc \u00e0 l\u2019initiative du festival et en partenariat avec d\u2019autres acteur\u00b7ices de la ville comme <a href=\"https:\/\/bonjour-minuit.fr\/\">Bonjour Minuit<\/a>.<\/p>\n<p>Les personnes en difficult\u00e9 pouvaient solliciter n\u2019importe quel membre de l\u2019\u00e9quipe ou demander \u00ab&nbsp;Angela&nbsp;\u00bb. La personne sollicit\u00e9e devait pr\u00e9venir directement son\/sa responsable, qui contactait la s\u00e9curit\u00e9 par talkie. La s\u00e9curit\u00e9 accompagnait la victime dans un espace pr\u00e9-d\u00e9fini o\u00f9 elle \u00e9tait accueillie par la protection civile, qui \u00e9tait form\u00e9e de son c\u00f4t\u00e9 \u00e0 la prise en charge des VSS. S\u2019il y avait possibilit\u00e9 d\u2019identifier l\u2019agresseur\u00b7se, cette personne \u00e9tait exclue du festival, et le lien \u00e9tait fait avec les forces de l\u2019ordre. La victime \u00e9tait ensuite orient\u00e9e vers le stand du planning familial si elle avait besoin d\u2019\u00e9changer.<\/p>\n<p>En ce qui concerne les risques de piq\u00fbres sauvages, la s\u00e9curit\u00e9 civile avait un protocole d\u00e9fini. En cas de doute, un m\u00e9decin pr\u00e9sent sur le site menait un petit interrogatoire et une analyse visuelle de la piqure, et si la piqure \u00e9tait confirm\u00e9e, un test pouvait \u00eatre r\u00e9alis\u00e9 sur place.<\/p>\n<p>En mati\u00e8re de communication interne, le support de formation et le protocole ont \u00e9t\u00e9 envoy\u00e9s \u00e0 tous\u00b7tes les salari\u00e9\u00b7es et b\u00e9n\u00e9voles. La charte interne \u00e9tait \u00e9galement int\u00e9gr\u00e9e au guide b\u00e9n\u00e9vole.<\/p>\n<p>Au cours de l\u2019\u00e9dition 2022, le dispositif a \u00e9t\u00e9 sollicit\u00e9 par des salari\u00e9\u00b7es et des b\u00e9n\u00e9voles mais pas de personnes du public.<\/p>\t\t\t\t\t<\/div>\n\t\t\t\t\t\t<\/div>\n\t\t\t\t<\/div>\n\t\t\t\t<div class=\"elementor-element elementor-element-1b444151 elementor-widget elementor-widget-text-editor\" data-id=\"1b444151\" data-element_type=\"widget\" id=\"note\" data-widget_type=\"text-editor.default\">\n\t\t\t\t<div class=\"elementor-widget-container\">\n\t\t\t\t\t\t\t\t<div class=\"elementor-text-editor elementor-clearfix\">\n\t\t\t\t<p>1 &#8211; <a href=\"https:\/\/www.saint-brieuc.bzh\/action-publique\/ville-engagee\/dispositif-ou-est-angela#:~:text=Le%20principe%20du%20dispositif%20%C2%AB%20O%C3%B9,%C2%AB%20O%C3%B9%20est%20Angela%20%3F%20%C2%BB.\" target=\"_blank\" rel=\"noopener\">https:\/\/www.saint-brieuc.bzh\/action-publique\/ville-engagee\/dispositif-ou-est-angela#:~:text=Le%20principe%20du%20dispositif%20%C2%AB%20O%C3%B9,%C2%AB%20O%C3%B9%20est%20Angela%20%3F%20%C2%BB.<\/a><\/p>\t\t\t\t\t<\/div>\n\t\t\t\t\t\t<\/div>\n\t\t\t\t<\/div>\n\t\t\t\t\t\t<\/div>\n\t\t\t\t\t<\/div>\n\t\t<\/div>\n\t\t\t\t<div class=\"elementor-column elementor-col-33 elementor-top-column elementor-element elementor-element-1489e79f\" data-id=\"1489e79f\" data-element_type=\"column\">\n\t\t\t<div class=\"elementor-column-wrap elementor-element-populated\">\n\t\t\t\t\t\t\t<div class=\"elementor-widget-wrap\">\n\t\t\t\t\t\t<div class=\"elementor-element elementor-element-136e00f elementor-widget elementor-widget-text-editor\" data-id=\"136e00f\" data-element_type=\"widget\" data-widget_type=\"text-editor.default\">\n\t\t\t\t<div class=\"elementor-widget-container\">\n\t\t\t\t\t\t\t\t<div class=\"elementor-text-editor elementor-clearfix\">\n\t\t\t\t<p><strong><em>Points de vigilance et d\u2019am\u00e9lioration<\/em><\/strong><\/p><ul><li>Les \u00e9quipes (salari\u00e9\u00b7es et b\u00e9n\u00e9voles) n\u2019ont pas pu b\u00e9n\u00e9ficier de formation en pr\u00e9sentiel.<br \/><br \/><\/li><li>La communication interne aurait pu \u00eatre approfondie, les informations ont \u00e9t\u00e9 transmises en derni\u00e8re minute notamment aux responsables bar salari\u00e9\u00b7es, qui arrivent souvent le jour m\u00eame.<br \/><br \/><\/li><li>Le format du festival, en ville sur un espace r\u00e9duit et avec une densit\u00e9 de public importante, rend difficile l\u2019organisation de maraudes.<\/li><\/ul>\t\t\t\t\t<\/div>\n\t\t\t\t\t\t<\/div>\n\t\t\t\t<\/div>\n\t\t\t\t<div class=\"elementor-element elementor-element-64df5358 elementor-widget elementor-widget-text-editor\" data-id=\"64df5358\" data-element_type=\"widget\" data-widget_type=\"text-editor.default\">\n\t\t\t\t<div class=\"elementor-widget-container\">\n\t\t\t\t\t\t\t\t<div class=\"elementor-text-editor elementor-clearfix\">\n\t\t\t\t<p>Informations recueillies lors d\u2019un \u00e9change avec Mathilde Mur Baquer, charg\u00e9e d\u2019administration, de billetterie et d\u2019accueil des publics au festival Art Rock et r\u00e9f\u00e9rente lutte contre les VSS sur le festival.<\/p><p>Contact\u00a0: <a href=\"mailto:mathilde.murbaquer@artrock.org\">mathilde.murbaquer@artrock.org<\/a><\/p>\t\t\t\t\t<\/div>\n\t\t\t\t\t\t<\/div>\n\t\t\t\t<\/div>\n\t\t\t\t\t\t<\/div>\n\t\t\t\t\t<\/div>\n\t\t<\/div>\n\t\t\t\t\t\t\t\t<\/div>\n\t\t\t\t\t<\/div>\n\t\t<\/section>\n\t\t\t\t\t\t\t\t\t<\/div>\n\t\t\t<\/div>\n\t\t\t\t\t<\/div>\n\t\t","protected":false},"excerpt":{"rendered":"<p>Une salari\u00e9e a \u00e9t\u00e9 form\u00e9e par Maud Raffray, activatrice d\u2019\u00e9galit\u00e9 femmes-hommes. Cette salari\u00e9e est devenue la r\u00e9f\u00e9rente sur toutes les questions de lutte contre les violences sexistes et sexuelles dans le festival. Elle a travaill\u00e9 en partenariat avec le Planning Familial de Saint-Brieuc pour construire un support de formation, diffus\u00e9 \u00e0 l\u2019\u00e9quipe et aux b\u00e9n\u00e9voles.&hellip;&nbsp;<a href=\"https:\/\/www.lecollectifdesfestivals.org\/collectif\/dispositif-vss-art-rock\/\" class=\"\" rel=\"bookmark\">Lire la suite &raquo;<span class=\"screen-reader-text\">Le dispositif de lutte contre les VSS \u00e0 Art Rock<\/span><\/a><\/p>\n","protected":false},"author":1,"featured_media":0,"parent":0,"menu_order":0,"comment_status":"closed","ping_status":"closed","template":"","meta":{"neve_meta_sidebar":"full-width","neve_meta_container":"","neve_meta_enable_content_width":"on","neve_meta_content_width":100,"neve_meta_title_alignment":"","neve_meta_author_avatar":"","neve_post_elements_order":"","neve_meta_disable_header":"","neve_meta_disable_footer":"","neve_meta_disable_title":"","footnotes":""},"yoast_head":"<!-- This site is optimized with the Yoast SEO plugin v22.4 - https:\/\/yoast.com\/wordpress\/plugins\/seo\/ -->\n<title>Le dispositif de lutte contre les VSS \u00e0 Art Rock &#8226; Le Collectif des festivals<\/title>\n<meta name=\"description\" content=\"Le Collectif des festivals accompagne les organisateurs de festivals de Bretagne dans leurs d\u00e9marches de d\u00e9veloppement durable et solidaire.\" \/>\n<meta name=\"robots\" content=\"index, follow, max-snippet:-1, max-image-preview:large, max-video-preview:-1\" \/>\n<link rel=\"canonical\" href=\"https:\/\/www.lecollectifdesfestivals.org\/collectif\/dispositif-vss-art-rock\/\" \/>\n<meta property=\"og:locale\" content=\"fr_FR\" \/>\n<meta property=\"og:type\" content=\"article\" \/>\n<meta property=\"og:title\" content=\"Le dispositif de lutte contre les VSS \u00e0 Art Rock &#8226; Le Collectif des festivals\" \/>\n<meta property=\"og:description\" content=\"Le Collectif des festivals accompagne les organisateurs de festivals de Bretagne dans leurs d\u00e9marches de d\u00e9veloppement durable et solidaire.\" \/>\n<meta property=\"og:url\" content=\"https:\/\/www.lecollectifdesfestivals.org\/collectif\/dispositif-vss-art-rock\/\" \/>\n<meta property=\"og:site_name\" content=\"Le Collectif des festivals\" \/>\n<meta property=\"article:publisher\" content=\"https:\/\/www.facebook.com\/LeCollectifDesFestivals\/\" \/>\n<meta property=\"article:modified_time\" content=\"2023-11-20T08:39:30+00:00\" \/>\n<meta name=\"twitter:card\" content=\"summary_large_image\" \/>\n<meta name=\"twitter:site\" content=\"@CollFestivals\" \/>\n<meta name=\"twitter:label1\" content=\"Dur\u00e9e de lecture estim\u00e9e\" \/>\n\t<meta name=\"twitter:data1\" content=\"3 minutes\" \/>\n<script type=\"application\/ld+json\" class=\"yoast-schema-graph\">{\"@context\":\"https:\/\/schema.org\",\"@graph\":[{\"@type\":\"WebPage\",\"@id\":\"https:\/\/www.lecollectifdesfestivals.org\/collectif\/dispositif-vss-art-rock\/\",\"url\":\"https:\/\/www.lecollectifdesfestivals.org\/collectif\/dispositif-vss-art-rock\/\",\"name\":\"Le dispositif de lutte contre les VSS \u00e0 Art Rock &#8226; Le Collectif des festivals\",\"isPartOf\":{\"@id\":\"https:\/\/www.lecollectifdesfestivals.org\/collectif\/#website\"},\"datePublished\":\"2023-01-05T16:19:46+00:00\",\"dateModified\":\"2023-11-20T08:39:30+00:00\",\"description\":\"Le Collectif des festivals accompagne les organisateurs de festivals de Bretagne dans leurs d\u00e9marches de d\u00e9veloppement durable et solidaire.\",\"breadcrumb\":{\"@id\":\"https:\/\/www.lecollectifdesfestivals.org\/collectif\/dispositif-vss-art-rock\/#breadcrumb\"},\"inLanguage\":\"fr-FR\",\"potentialAction\":[{\"@type\":\"ReadAction\",\"target\":[\"https:\/\/www.lecollectifdesfestivals.org\/collectif\/dispositif-vss-art-rock\/\"]}]},{\"@type\":\"BreadcrumbList\",\"@id\":\"https:\/\/www.lecollectifdesfestivals.org\/collectif\/dispositif-vss-art-rock\/#breadcrumb\",\"itemListElement\":[{\"@type\":\"ListItem\",\"position\":1,\"name\":\"Accueil\",\"item\":\"https:\/\/www.lecollectifdesfestivals.org\/collectif\/\"},{\"@type\":\"ListItem\",\"position\":2,\"name\":\"Le dispositif de lutte contre les VSS \u00e0 Art Rock\"}]},{\"@type\":\"WebSite\",\"@id\":\"https:\/\/www.lecollectifdesfestivals.org\/collectif\/#website\",\"url\":\"https:\/\/www.lecollectifdesfestivals.org\/collectif\/\",\"name\":\"Le Collectif des festivals\",\"description\":\"Depuis 2005,  le Collectif des festivals accompagne les transitions sociale et \u00e9cologique de la culture\",\"potentialAction\":[{\"@type\":\"SearchAction\",\"target\":{\"@type\":\"EntryPoint\",\"urlTemplate\":\"https:\/\/www.lecollectifdesfestivals.org\/collectif\/?s={search_term_string}\"},\"query-input\":\"required name=search_term_string\"}],\"inLanguage\":\"fr-FR\"}]}<\/script>\n<!-- \/ Yoast SEO plugin. -->","yoast_head_json":{"title":"Le dispositif de lutte contre les VSS \u00e0 Art Rock &#8226; Le Collectif des festivals","description":"Le Collectif des festivals accompagne les organisateurs de festivals de Bretagne dans leurs d\u00e9marches de d\u00e9veloppement durable et solidaire.","robots":{"index":"index","follow":"follow","max-snippet":"max-snippet:-1","max-image-preview":"max-image-preview:large","max-video-preview":"max-video-preview:-1"},"canonical":"https:\/\/www.lecollectifdesfestivals.org\/collectif\/dispositif-vss-art-rock\/","og_locale":"fr_FR","og_type":"article","og_title":"Le dispositif de lutte contre les VSS \u00e0 Art Rock &#8226; Le Collectif des festivals","og_description":"Le Collectif des festivals accompagne les organisateurs de festivals de Bretagne dans leurs d\u00e9marches de d\u00e9veloppement durable et solidaire.","og_url":"https:\/\/www.lecollectifdesfestivals.org\/collectif\/dispositif-vss-art-rock\/","og_site_name":"Le Collectif des festivals","article_publisher":"https:\/\/www.facebook.com\/LeCollectifDesFestivals\/","article_modified_time":"2023-11-20T08:39:30+00:00","twitter_card":"summary_large_image","twitter_site":"@CollFestivals","twitter_misc":{"Dur\u00e9e de lecture estim\u00e9e":"3 minutes"},"schema":{"@context":"https:\/\/schema.org","@graph":[{"@type":"WebPage","@id":"https:\/\/www.lecollectifdesfestivals.org\/collectif\/dispositif-vss-art-rock\/","url":"https:\/\/www.lecollectifdesfestivals.org\/collectif\/dispositif-vss-art-rock\/","name":"Le dispositif de lutte contre les VSS \u00e0 Art Rock &#8226; Le Collectif des festivals","isPartOf":{"@id":"https:\/\/www.lecollectifdesfestivals.org\/collectif\/#website"},"datePublished":"2023-01-05T16:19:46+00:00","dateModified":"2023-11-20T08:39:30+00:00","description":"Le Collectif des festivals accompagne les organisateurs de festivals de Bretagne dans leurs d\u00e9marches de d\u00e9veloppement durable et solidaire.","breadcrumb":{"@id":"https:\/\/www.lecollectifdesfestivals.org\/collectif\/dispositif-vss-art-rock\/#breadcrumb"},"inLanguage":"fr-FR","potentialAction":[{"@type":"ReadAction","target":["https:\/\/www.lecollectifdesfestivals.org\/collectif\/dispositif-vss-art-rock\/"]}]},{"@type":"BreadcrumbList","@id":"https:\/\/www.lecollectifdesfestivals.org\/collectif\/dispositif-vss-art-rock\/#breadcrumb","itemListElement":[{"@type":"ListItem","position":1,"name":"Accueil","item":"https:\/\/www.lecollectifdesfestivals.org\/collectif\/"},{"@type":"ListItem","position":2,"name":"Le dispositif de lutte contre les VSS \u00e0 Art Rock"}]},{"@type":"WebSite","@id":"https:\/\/www.lecollectifdesfestivals.org\/collectif\/#website","url":"https:\/\/www.lecollectifdesfestivals.org\/collectif\/","name":"Le Collectif des festivals","description":"Depuis 2005,  le Collectif des festivals accompagne les transitions sociale et \u00e9cologique de la culture","potentialAction":[{"@type":"SearchAction","target":{"@type":"EntryPoint","urlTemplate":"https:\/\/www.lecollectifdesfestivals.org\/collectif\/?s={search_term_string}"},"query-input":"required name=search_term_string"}],"inLanguage":"fr-FR"}]}},"_links":{"self":[{"href":"https:\/\/www.lecollectifdesfestivals.org\/collectif\/wp-json\/wp\/v2\/pages\/20772"}],"collection":[{"href":"https:\/\/www.lecollectifdesfestivals.org\/collectif\/wp-json\/wp\/v2\/pages"}],"about":[{"href":"https:\/\/www.lecollectifdesfestivals.org\/collectif\/wp-json\/wp\/v2\/types\/page"}],"author":[{"embeddable":true,"href":"https:\/\/www.lecollectifdesfestivals.org\/collectif\/wp-json\/wp\/v2\/users\/1"}],"replies":[{"embeddable":true,"href":"https:\/\/www.lecollectifdesfestivals.org\/collectif\/wp-json\/wp\/v2\/comments?post=20772"}],"version-history":[{"count":3,"href":"https:\/\/www.lecollectifdesfestivals.org\/collectif\/wp-json\/wp\/v2\/pages\/20772\/revisions"}],"predecessor-version":[{"id":24611,"href":"https:\/\/www.lecollectifdesfestivals.org\/collectif\/wp-json\/wp\/v2\/pages\/20772\/revisions\/24611"}],"wp:attachment":[{"href":"https:\/\/www.lecollectifdesfestivals.org\/collectif\/wp-json\/wp\/v2\/media?parent=20772"}],"curies":[{"name":"wp","href":"https:\/\/api.w.org\/{rel}","templated":true}]}}