{"id":236,"date":"2011-02-04T15:44:50","date_gmt":"2011-02-04T15:44:50","guid":{"rendered":"http:\/\/www.lecollectifdesfestivals.org\/site\/?page_id=236"},"modified":"2026-04-16T10:16:26","modified_gmt":"2026-04-16T08:16:26","slug":"organisation","status":"publish","type":"page","link":"https:\/\/www.lecollectifdesfestivals.org\/collectif\/lassociation\/organisation\/","title":{"rendered":"Equipe"},"content":{"rendered":"\t\t<div data-elementor-type=\"wp-page\" data-elementor-id=\"236\" class=\"elementor elementor-236\">\n\t\t\t\t\t\t<div class=\"elementor-inner\">\n\t\t\t\t<div class=\"elementor-section-wrap\">\n\t\t\t\t\t\t\t\t\t<section class=\"elementor-section elementor-top-section elementor-element elementor-element-24e55c52 elementor-section-boxed elementor-section-height-default elementor-section-height-default\" data-id=\"24e55c52\" data-element_type=\"section\">\n\t\t\t\t\t\t<div class=\"elementor-container elementor-column-gap-default\">\n\t\t\t\t\t\t\t<div class=\"elementor-row\">\n\t\t\t\t\t<div class=\"elementor-column elementor-col-100 elementor-top-column elementor-element elementor-element-2192a26d\" data-id=\"2192a26d\" data-element_type=\"column\">\n\t\t\t<div class=\"elementor-column-wrap elementor-element-populated\">\n\t\t\t\t\t\t\t<div class=\"elementor-widget-wrap\">\n\t\t\t\t\t\t<div class=\"elementor-element elementor-element-2ebcc216 elementor-widget elementor-widget-spacer\" data-id=\"2ebcc216\" data-element_type=\"widget\" data-widget_type=\"spacer.default\">\n\t\t\t\t<div class=\"elementor-widget-container\">\n\t\t\t\t\t<div class=\"elementor-spacer\">\n\t\t\t<div class=\"elementor-spacer-inner\"><\/div>\n\t\t<\/div>\n\t\t\t\t<\/div>\n\t\t\t\t<\/div>\n\t\t\t\t<div class=\"elementor-element elementor-element-1b2e672d elementor-widget elementor-widget-heading\" data-id=\"1b2e672d\" data-element_type=\"widget\" data-widget_type=\"heading.default\">\n\t\t\t\t<div class=\"elementor-widget-container\">\n\t\t\t<h1 class=\"elementor-heading-title elementor-size-default\">\u00c9quipe et contacts<\/h1>\t\t<\/div>\n\t\t\t\t<\/div>\n\t\t\t\t<div class=\"elementor-element elementor-element-cec232 elementor-widget elementor-widget-spacer\" data-id=\"cec232\" data-element_type=\"widget\" data-widget_type=\"spacer.default\">\n\t\t\t\t<div class=\"elementor-widget-container\">\n\t\t\t\t\t<div class=\"elementor-spacer\">\n\t\t\t<div class=\"elementor-spacer-inner\"><\/div>\n\t\t<\/div>\n\t\t\t\t<\/div>\n\t\t\t\t<\/div>\n\t\t\t\t\t\t<\/div>\n\t\t\t\t\t<\/div>\n\t\t<\/div>\n\t\t\t\t\t\t\t\t<\/div>\n\t\t\t\t\t<\/div>\n\t\t<\/section>\n\t\t\t\t<section class=\"elementor-section elementor-top-section elementor-element elementor-element-a209439 elementor-section-boxed elementor-section-height-default elementor-section-height-default\" data-id=\"a209439\" data-element_type=\"section\">\n\t\t\t\t\t\t<div class=\"elementor-container elementor-column-gap-wide\">\n\t\t\t\t\t\t\t<div class=\"elementor-row\">\n\t\t\t\t\t<div class=\"elementor-column elementor-col-50 elementor-top-column elementor-element elementor-element-17674e7\" data-id=\"17674e7\" data-element_type=\"column\">\n\t\t\t<div class=\"elementor-column-wrap elementor-element-populated\">\n\t\t\t\t\t\t\t<div class=\"elementor-widget-wrap\">\n\t\t\t\t\t\t<div class=\"elementor-element elementor-element-3692051 elementor-widget elementor-widget-text-editor\" data-id=\"3692051\" data-element_type=\"widget\" data-widget_type=\"text-editor.default\">\n\t\t\t\t<div class=\"elementor-widget-container\">\n\t\t\t\t\t\t\t\t<div class=\"elementor-text-editor elementor-clearfix\">\n\t\t\t\t<h2 style=\"text-align: left;\"><span style=\"color: #237778;\"><strong>Le Collectif des festivals<\/strong><\/span><\/h2>\n<div class=\"wp-block-columns\">\n<div class=\"wp-block-column\">\n<p style=\"text-align: left;\">35 rue de Quineleu<br>35000 RENNES<br>contact[a]lecollectifdesfestivals.org<\/p>\n<p><\/p>\n<\/div>\n<\/div>\t\t\t\t\t<\/div>\n\t\t\t\t\t\t<\/div>\n\t\t\t\t<\/div>\n\t\t\t\t<div class=\"elementor-element elementor-element-fc6d7cc elementor-widget-divider--view-line elementor-widget elementor-widget-divider\" data-id=\"fc6d7cc\" data-element_type=\"widget\" data-widget_type=\"divider.default\">\n\t\t\t\t<div class=\"elementor-widget-container\">\n\t\t\t\t\t<div class=\"elementor-divider\">\n\t\t\t<span class=\"elementor-divider-separator\">\n\t\t\t\t\t\t<\/span>\n\t\t<\/div>\n\t\t\t\t<\/div>\n\t\t\t\t<\/div>\n\t\t\t\t<div class=\"elementor-element elementor-element-fa0bc5b elementor-widget elementor-widget-text-editor\" data-id=\"fa0bc5b\" data-element_type=\"widget\" data-widget_type=\"text-editor.default\">\n\t\t\t\t<div class=\"elementor-widget-container\">\n\t\t\t\t\t\t\t\t<div class=\"elementor-text-editor elementor-clearfix\">\n\t\t\t\t<p><strong>Le bureau<\/strong>\u00a0de l&rsquo;association est constitu\u00e9 de 5 co-pr\u00e9sident\u00b7es :<\/p><p><span style=\"color: var(--nv-text-color); font-family: Poppins, var(--nv-fallback-ff); letter-spacing: 0px; background-color: var(--nv-site-bg);\">\u2022 <\/span><strong style=\"color: var(--nv-text-color); font-family: Poppins, var(--nv-fallback-ff); letter-spacing: 0px; background-color: var(--nv-site-bg);\">Emilie AUDREN<\/strong><span style=\"color: var(--nv-text-color); font-family: Poppins, var(--nv-fallback-ff); letter-spacing: 0px; background-color: var(--nv-site-bg);\">, directrice d\u00e9l\u00e9gu\u00e9e de Mythos,<\/span><br \/>\u2022 <strong>Claude BERCELIOT, <\/strong>administrateur au festival du Grand Soufflet,<span style=\"background-color: var(--nv-site-bg); color: var(--nv-text-color); font-family: Poppins, var(--nv-fallback-ff); letter-spacing: 0px;\"><br \/><\/span><span style=\"background-color: var(--nv-site-bg); color: var(--nv-text-color); font-family: Poppins, var(--nv-fallback-ff); letter-spacing: 0px;\">\u2022 <\/span><strong style=\"background-color: var(--nv-site-bg); color: var(--nv-text-color); font-family: Poppins, var(--nv-fallback-ff); letter-spacing: 0px;\">Gwendal CHEVALIER, <\/strong>a<span style=\"background-color: var(--nv-site-bg); color: var(--nv-text-color); font-family: Poppins, var(--nv-fallback-ff); letter-spacing: 0px;\">dministrateur de la Gall\u00e9sie en F\u00eate,<\/span><span style=\"background-color: var(--nv-site-bg); color: var(--nv-text-color); font-family: Poppins, var(--nv-fallback-ff); letter-spacing: 0px;\"><br \/>\u2022 <strong>Ma\u00ebl SINOU,<\/strong> attach\u00e9 de production \u00e0 Astropolis,<br \/><\/span><strong style=\"background-color: var(--nv-site-bg); color: var(--nv-text-color); font-family: Poppins, var(--nv-fallback-ff); letter-spacing: 0px;\">\u2022 Paul TERRAL<\/strong><span style=\"background-color: var(--nv-site-bg); color: var(--nv-text-color); font-family: Poppins, var(--nv-fallback-ff); letter-spacing: 0px;\">, directeur du festival des Bord\u00e9es de Cancale.<\/span><\/p>\t\t\t\t\t<\/div>\n\t\t\t\t\t\t<\/div>\n\t\t\t\t<\/div>\n\t\t\t\t\t\t<\/div>\n\t\t\t\t\t<\/div>\n\t\t<\/div>\n\t\t\t\t<div class=\"elementor-column elementor-col-50 elementor-top-column elementor-element elementor-element-f7d839e\" data-id=\"f7d839e\" data-element_type=\"column\">\n\t\t\t<div class=\"elementor-column-wrap elementor-element-populated\">\n\t\t\t\t\t\t\t<div class=\"elementor-widget-wrap\">\n\t\t\t\t\t\t<div class=\"elementor-element elementor-element-fd78988 elementor-widget elementor-widget-text-editor\" data-id=\"fd78988\" data-element_type=\"widget\" data-widget_type=\"text-editor.default\">\n\t\t\t\t<div class=\"elementor-widget-container\">\n\t\t\t\t\t\t\t\t<div class=\"elementor-text-editor elementor-clearfix\">\n\t\t\t\t<div>\n<h2><span style=\"color: #237778;\"><strong>Joindre une personne de l&rsquo;\u00e9quipe<\/strong><\/span><\/h2>\n<div>\n<p><strong style=\"color: var(--nv-text-color); font-family: var(--bodyfontfamily),var(--nv-fallback-ff); font-size: var(--bodyfontsize); letter-spacing: var(--bodyletterspacing); text-transform: var(--bodytexttransform); background-color: var(--nv-site-bg);\">\u2022 Emilie Cherbonnel, codirectrice &#8211; projets et partenariats<br>Responsable communication &amp; ressources.<\/strong><\/p>\n<\/div>\n<\/div>\n<div>\n<div>07 66 85 72 62&nbsp;<br><a href=\"mailto:emilie.cherbonnel@lecollectifdesfestivals.org\">emilie.cherbonnel[a]lecollectifdesfestivals.org<\/a><\/div>\n<\/div>\n<div>\n<div>&nbsp;<\/div>\n<div>\n<p><strong><strong>\u2022 Charlotte Hoarau, responsable formation.<br><\/strong><\/strong><\/p>\n<p class=\"elementtoproof\" style=\"line-height: 12.65pt; background: white;\"><span style=\"color: black;\">06 38 04 05 03&nbsp;<\/span><\/p>\n<\/div>\n<div><a href=\"mailto:charlotte.hoarau@lecollectifdesfestivals.org\">charlotte.hoarau[a]lecollectifdesfestivals.org<\/a><\/div>\n<\/div>\n<p><b><br>\u2022 Maxime Mol\u00e9, codirecteur &#8211; administration et finances<br>Coordinateur du projet Archipel culturel<\/b><br>07 57 18 21 41 \/ <a href=\"mailto:maxime.mole@lecollectifdesfestivals.org\">maxime.mole[a]lecollectifdesfestivals.org<\/a><\/p>\n<div><strong style=\"letter-spacing: 0px;\">&nbsp;<\/strong><\/div>\n<p><strong>\u2022 Elsa Rouland, responsable de projets transition sociale et environnementale.<\/strong><\/p>\n<p>07 62 57 42 68 \/<a style=\"--linkdeco: none;\" href=\"mailto:melanie.bougeard@lecollectifdesfestivals.org\"> elsa.rouland[a]<\/a><a style=\"--linkdeco: none;\" href=\"mailto:elsa.rouland@lecollectifdesfestivals.org\">lecollectifdesfestivals.org<\/a><\/p>\n<p><strong style=\"color: var(--nv-text-color); font-family: var(--bodyfontfamily),var(--nv-fallback-ff); font-size: var(--bodyfontsize); letter-spacing: var(--bodyletterspacing); text-transform: var(--bodytexttransform); background-color: var(--nv-site-bg);\"><strong>&nbsp;<\/strong><\/strong><\/p>\n<p><strong style=\"color: var(--nv-text-color); font-family: var(--bodyfontfamily),var(--nv-fallback-ff); font-size: var(--bodyfontsize); letter-spacing: var(--bodyletterspacing); text-transform: var(--bodytexttransform); background-color: var(--nv-site-bg);\"><strong>\u2022 L\u00e9a Vernhet, responsable de projet \u00e9galit\u00e9 et lutte contre les VSS, coordinatrice de la mission Stourm.<\/strong><\/strong><\/p>\n<div>07 57 18 54 06 \/ <a href=\"mailto:lea.vernhet@stourm.org\">lea.vernhet[a]stourm.org<\/a><strong style=\"background-color: var(--nv-site-bg); color: var(--nv-text-color); font-family: var(--bodyfontfamily),var(--nv-fallback-ff); font-size: var(--bodyfontsize); letter-spacing: var(--bodyletterspacing); text-transform: var(--bodytexttransform);\"><br><\/strong><\/div>\n<div>&nbsp;<\/div>\n<div>&nbsp;<\/div>\t\t\t\t\t<\/div>\n\t\t\t\t\t\t<\/div>\n\t\t\t\t<\/div>\n\t\t\t\t<div class=\"elementor-element elementor-element-b549aa5 elementor-widget-divider--view-line elementor-widget elementor-widget-divider\" data-id=\"b549aa5\" data-element_type=\"widget\" data-widget_type=\"divider.default\">\n\t\t\t\t<div class=\"elementor-widget-container\">\n\t\t\t\t\t<div class=\"elementor-divider\">\n\t\t\t<span class=\"elementor-divider-separator\">\n\t\t\t\t\t\t<\/span>\n\t\t<\/div>\n\t\t\t\t<\/div>\n\t\t\t\t<\/div>\n\t\t\t\t\t\t<\/div>\n\t\t\t\t\t<\/div>\n\t\t<\/div>\n\t\t\t\t\t\t\t\t<\/div>\n\t\t\t\t\t<\/div>\n\t\t<\/section>\n\t\t\t\t<section class=\"elementor-section elementor-top-section elementor-element elementor-element-e906b87 elementor-section-boxed elementor-section-height-default elementor-section-height-default\" data-id=\"e906b87\" data-element_type=\"section\">\n\t\t\t\t\t\t<div class=\"elementor-container elementor-column-gap-default\">\n\t\t\t\t\t\t\t<div class=\"elementor-row\">\n\t\t\t\t\t<div class=\"elementor-column elementor-col-100 elementor-top-column elementor-element elementor-element-a7c352c\" data-id=\"a7c352c\" data-element_type=\"column\">\n\t\t\t<div class=\"elementor-column-wrap elementor-element-populated\">\n\t\t\t\t\t\t\t<div class=\"elementor-widget-wrap\">\n\t\t\t\t\t\t<div class=\"elementor-element elementor-element-b90317e elementor-widget elementor-widget-spacer\" data-id=\"b90317e\" data-element_type=\"widget\" data-widget_type=\"spacer.default\">\n\t\t\t\t<div class=\"elementor-widget-container\">\n\t\t\t\t\t<div class=\"elementor-spacer\">\n\t\t\t<div class=\"elementor-spacer-inner\"><\/div>\n\t\t<\/div>\n\t\t\t\t<\/div>\n\t\t\t\t<\/div>\n\t\t\t\t\t\t<\/div>\n\t\t\t\t\t<\/div>\n\t\t<\/div>\n\t\t\t\t\t\t\t\t<\/div>\n\t\t\t\t\t<\/div>\n\t\t<\/section>\n\t\t\t\t\t\t\t\t\t<\/div>\n\t\t\t<\/div>\n\t\t\t\t\t<\/div>\n\t\t","protected":false},"excerpt":{"rendered":"<p>\u00c9quipe et contacts Le Collectif des festivals 35 rue de Quineleu35000 RENNEScontact[a]lecollectifdesfestivals.org Le bureau\u00a0de l&rsquo;association est constitu\u00e9 de 5 co-pr\u00e9sident\u00b7es : \u2022 Emilie AUDREN, directrice d\u00e9l\u00e9gu\u00e9e de Mythos,\u2022 Claude BERCELIOT, administrateur au festival du Grand Soufflet,\u2022 Gwendal CHEVALIER, administrateur de la Gall\u00e9sie en F\u00eate,\u2022 Ma\u00ebl SINOU, attach\u00e9 de production \u00e0 Astropolis,\u2022 Paul TERRAL, directeur du&hellip;&nbsp;<a href=\"https:\/\/www.lecollectifdesfestivals.org\/collectif\/lassociation\/organisation\/\" class=\"\" rel=\"bookmark\">Lire la suite &raquo;<span class=\"screen-reader-text\">Equipe<\/span><\/a><\/p>\n","protected":false},"author":1,"featured_media":0,"parent":227,"menu_order":0,"comment_status":"closed","ping_status":"open","template":"elementor_header_footer","meta":{"neve_meta_sidebar":"","neve_meta_container":"","neve_meta_enable_content_width":"off","neve_meta_content_width":0,"neve_meta_title_alignment":"","neve_meta_author_avatar":"","neve_post_elements_order":"","neve_meta_disable_header":"","neve_meta_disable_footer":"","neve_meta_disable_title":"on","footnotes":""},"yoast_head":"<!-- This site is optimized with the Yoast SEO plugin v22.4 - https:\/\/yoast.com\/wordpress\/plugins\/seo\/ -->\n<title>Equipe &#8226; Le Collectif des festivals<\/title>\n<meta name=\"description\" content=\"Le Collectif des festivals accompagne les organisateurs de festivals de Bretagne dans leurs d\u00e9marches de d\u00e9veloppement durable et solidaire. L&#039;\u00e9quipe.\" \/>\n<meta name=\"robots\" content=\"index, follow, max-snippet:-1, max-image-preview:large, max-video-preview:-1\" \/>\n<link rel=\"canonical\" href=\"https:\/\/www.lecollectifdesfestivals.org\/collectif\/lassociation\/organisation\/\" \/>\n<meta property=\"og:locale\" content=\"fr_FR\" \/>\n<meta property=\"og:type\" content=\"article\" \/>\n<meta property=\"og:title\" content=\"Equipe &#8226; Le Collectif des festivals\" \/>\n<meta property=\"og:description\" content=\"Le Collectif des festivals accompagne les organisateurs de festivals de Bretagne dans leurs d\u00e9marches de d\u00e9veloppement durable et solidaire. L&#039;\u00e9quipe.\" \/>\n<meta property=\"og:url\" content=\"https:\/\/www.lecollectifdesfestivals.org\/collectif\/lassociation\/organisation\/\" \/>\n<meta property=\"og:site_name\" content=\"Le Collectif des festivals\" \/>\n<meta property=\"article:publisher\" content=\"https:\/\/www.facebook.com\/LeCollectifDesFestivals\/\" \/>\n<meta property=\"article:modified_time\" content=\"2026-04-16T08:16:26+00:00\" \/>\n<meta name=\"twitter:card\" content=\"summary_large_image\" \/>\n<meta name=\"twitter:site\" content=\"@CollFestivals\" \/>\n<meta name=\"twitter:label1\" content=\"Dur\u00e9e de lecture estim\u00e9e\" \/>\n\t<meta name=\"twitter:data1\" content=\"1 minute\" \/>\n<script type=\"application\/ld+json\" class=\"yoast-schema-graph\">{\"@context\":\"https:\/\/schema.org\",\"@graph\":[{\"@type\":\"WebPage\",\"@id\":\"https:\/\/www.lecollectifdesfestivals.org\/collectif\/lassociation\/organisation\/\",\"url\":\"https:\/\/www.lecollectifdesfestivals.org\/collectif\/lassociation\/organisation\/\",\"name\":\"Equipe &#8226; Le Collectif des festivals\",\"isPartOf\":{\"@id\":\"https:\/\/www.lecollectifdesfestivals.org\/collectif\/#website\"},\"datePublished\":\"2011-02-04T15:44:50+00:00\",\"dateModified\":\"2026-04-16T08:16:26+00:00\",\"description\":\"Le Collectif des festivals accompagne les organisateurs de festivals de Bretagne dans leurs d\u00e9marches de d\u00e9veloppement durable et solidaire. L'\u00e9quipe.\",\"breadcrumb\":{\"@id\":\"https:\/\/www.lecollectifdesfestivals.org\/collectif\/lassociation\/organisation\/#breadcrumb\"},\"inLanguage\":\"fr-FR\",\"potentialAction\":[{\"@type\":\"ReadAction\",\"target\":[\"https:\/\/www.lecollectifdesfestivals.org\/collectif\/lassociation\/organisation\/\"]}]},{\"@type\":\"BreadcrumbList\",\"@id\":\"https:\/\/www.lecollectifdesfestivals.org\/collectif\/lassociation\/organisation\/#breadcrumb\",\"itemListElement\":[{\"@type\":\"ListItem\",\"position\":1,\"name\":\"Accueil\",\"item\":\"https:\/\/www.lecollectifdesfestivals.org\/collectif\/\"},{\"@type\":\"ListItem\",\"position\":2,\"name\":\"L&#8217;association\",\"item\":\"https:\/\/www.lecollectifdesfestivals.org\/collectif\/lassociation\/\"},{\"@type\":\"ListItem\",\"position\":3,\"name\":\"Equipe\"}]},{\"@type\":\"WebSite\",\"@id\":\"https:\/\/www.lecollectifdesfestivals.org\/collectif\/#website\",\"url\":\"https:\/\/www.lecollectifdesfestivals.org\/collectif\/\",\"name\":\"Le Collectif des festivals\",\"description\":\"Depuis 2005,  le Collectif des festivals accompagne les transitions sociale et \u00e9cologique de la culture\",\"potentialAction\":[{\"@type\":\"SearchAction\",\"target\":{\"@type\":\"EntryPoint\",\"urlTemplate\":\"https:\/\/www.lecollectifdesfestivals.org\/collectif\/?s={search_term_string}\"},\"query-input\":\"required name=search_term_string\"}],\"inLanguage\":\"fr-FR\"}]}<\/script>\n<!-- \/ Yoast SEO plugin. -->","yoast_head_json":{"title":"Equipe &#8226; Le Collectif des festivals","description":"Le Collectif des festivals accompagne les organisateurs de festivals de Bretagne dans leurs d\u00e9marches de d\u00e9veloppement durable et solidaire. L'\u00e9quipe.","robots":{"index":"index","follow":"follow","max-snippet":"max-snippet:-1","max-image-preview":"max-image-preview:large","max-video-preview":"max-video-preview:-1"},"canonical":"https:\/\/www.lecollectifdesfestivals.org\/collectif\/lassociation\/organisation\/","og_locale":"fr_FR","og_type":"article","og_title":"Equipe &#8226; Le Collectif des festivals","og_description":"Le Collectif des festivals accompagne les organisateurs de festivals de Bretagne dans leurs d\u00e9marches de d\u00e9veloppement durable et solidaire. L'\u00e9quipe.","og_url":"https:\/\/www.lecollectifdesfestivals.org\/collectif\/lassociation\/organisation\/","og_site_name":"Le Collectif des festivals","article_publisher":"https:\/\/www.facebook.com\/LeCollectifDesFestivals\/","article_modified_time":"2026-04-16T08:16:26+00:00","twitter_card":"summary_large_image","twitter_site":"@CollFestivals","twitter_misc":{"Dur\u00e9e de lecture estim\u00e9e":"1 minute"},"schema":{"@context":"https:\/\/schema.org","@graph":[{"@type":"WebPage","@id":"https:\/\/www.lecollectifdesfestivals.org\/collectif\/lassociation\/organisation\/","url":"https:\/\/www.lecollectifdesfestivals.org\/collectif\/lassociation\/organisation\/","name":"Equipe &#8226; Le Collectif des festivals","isPartOf":{"@id":"https:\/\/www.lecollectifdesfestivals.org\/collectif\/#website"},"datePublished":"2011-02-04T15:44:50+00:00","dateModified":"2026-04-16T08:16:26+00:00","description":"Le Collectif des festivals accompagne les organisateurs de festivals de Bretagne dans leurs d\u00e9marches de d\u00e9veloppement durable et solidaire. L'\u00e9quipe.","breadcrumb":{"@id":"https:\/\/www.lecollectifdesfestivals.org\/collectif\/lassociation\/organisation\/#breadcrumb"},"inLanguage":"fr-FR","potentialAction":[{"@type":"ReadAction","target":["https:\/\/www.lecollectifdesfestivals.org\/collectif\/lassociation\/organisation\/"]}]},{"@type":"BreadcrumbList","@id":"https:\/\/www.lecollectifdesfestivals.org\/collectif\/lassociation\/organisation\/#breadcrumb","itemListElement":[{"@type":"ListItem","position":1,"name":"Accueil","item":"https:\/\/www.lecollectifdesfestivals.org\/collectif\/"},{"@type":"ListItem","position":2,"name":"L&#8217;association","item":"https:\/\/www.lecollectifdesfestivals.org\/collectif\/lassociation\/"},{"@type":"ListItem","position":3,"name":"Equipe"}]},{"@type":"WebSite","@id":"https:\/\/www.lecollectifdesfestivals.org\/collectif\/#website","url":"https:\/\/www.lecollectifdesfestivals.org\/collectif\/","name":"Le Collectif des festivals","description":"Depuis 2005,  le Collectif des festivals accompagne les transitions sociale et \u00e9cologique de la culture","potentialAction":[{"@type":"SearchAction","target":{"@type":"EntryPoint","urlTemplate":"https:\/\/www.lecollectifdesfestivals.org\/collectif\/?s={search_term_string}"},"query-input":"required name=search_term_string"}],"inLanguage":"fr-FR"}]}},"_links":{"self":[{"href":"https:\/\/www.lecollectifdesfestivals.org\/collectif\/wp-json\/wp\/v2\/pages\/236"}],"collection":[{"href":"https:\/\/www.lecollectifdesfestivals.org\/collectif\/wp-json\/wp\/v2\/pages"}],"about":[{"href":"https:\/\/www.lecollectifdesfestivals.org\/collectif\/wp-json\/wp\/v2\/types\/page"}],"author":[{"embeddable":true,"href":"https:\/\/www.lecollectifdesfestivals.org\/collectif\/wp-json\/wp\/v2\/users\/1"}],"replies":[{"embeddable":true,"href":"https:\/\/www.lecollectifdesfestivals.org\/collectif\/wp-json\/wp\/v2\/comments?post=236"}],"version-history":[{"count":3,"href":"https:\/\/www.lecollectifdesfestivals.org\/collectif\/wp-json\/wp\/v2\/pages\/236\/revisions"}],"predecessor-version":[{"id":31511,"href":"https:\/\/www.lecollectifdesfestivals.org\/collectif\/wp-json\/wp\/v2\/pages\/236\/revisions\/31511"}],"up":[{"embeddable":true,"href":"https:\/\/www.lecollectifdesfestivals.org\/collectif\/wp-json\/wp\/v2\/pages\/227"}],"wp:attachment":[{"href":"https:\/\/www.lecollectifdesfestivals.org\/collectif\/wp-json\/wp\/v2\/media?parent=236"}],"curies":[{"name":"wp","href":"https:\/\/api.w.org\/{rel}","templated":true}]}}