{"id":240,"date":"2011-02-04T15:45:22","date_gmt":"2011-02-04T15:45:22","guid":{"rendered":"http:\/\/www.lecollectifdesfestivals.org\/site\/?page_id=240"},"modified":"2025-08-25T09:43:03","modified_gmt":"2025-08-25T07:43:03","slug":"adherer","status":"publish","type":"page","link":"https:\/\/www.lecollectifdesfestivals.org\/collectif\/lassociation\/adherer\/","title":{"rendered":"Adh\u00e9rer"},"content":{"rendered":"\t\t<div data-elementor-type=\"wp-page\" data-elementor-id=\"240\" class=\"elementor elementor-240\">\n\t\t\t\t\t\t<div class=\"elementor-inner\">\n\t\t\t\t<div class=\"elementor-section-wrap\">\n\t\t\t\t\t\t\t\t\t<section class=\"elementor-section elementor-top-section elementor-element elementor-element-2eab60e0 elementor-section-boxed elementor-section-height-default elementor-section-height-default\" data-id=\"2eab60e0\" data-element_type=\"section\">\n\t\t\t\t\t\t<div class=\"elementor-container elementor-column-gap-default\">\n\t\t\t\t\t\t\t<div class=\"elementor-row\">\n\t\t\t\t\t<div class=\"elementor-column elementor-col-100 elementor-top-column elementor-element elementor-element-27669dc3\" data-id=\"27669dc3\" data-element_type=\"column\">\n\t\t\t<div class=\"elementor-column-wrap elementor-element-populated\">\n\t\t\t\t\t\t\t<div class=\"elementor-widget-wrap\">\n\t\t\t\t\t\t<div class=\"elementor-element elementor-element-62de3312 elementor-widget elementor-widget-spacer\" data-id=\"62de3312\" data-element_type=\"widget\" data-widget_type=\"spacer.default\">\n\t\t\t\t<div class=\"elementor-widget-container\">\n\t\t\t\t\t<div class=\"elementor-spacer\">\n\t\t\t<div class=\"elementor-spacer-inner\"><\/div>\n\t\t<\/div>\n\t\t\t\t<\/div>\n\t\t\t\t<\/div>\n\t\t\t\t<div class=\"elementor-element elementor-element-497c003 elementor-widget elementor-widget-heading\" data-id=\"497c003\" data-element_type=\"widget\" data-widget_type=\"heading.default\">\n\t\t\t\t<div class=\"elementor-widget-container\">\n\t\t\t<h1 class=\"elementor-heading-title elementor-size-default\">S'engager<\/h1>\t\t<\/div>\n\t\t\t\t<\/div>\n\t\t\t\t\t\t<\/div>\n\t\t\t\t\t<\/div>\n\t\t<\/div>\n\t\t\t\t\t\t\t\t<\/div>\n\t\t\t\t\t<\/div>\n\t\t<\/section>\n\t\t\t\t<section class=\"elementor-section elementor-top-section elementor-element elementor-element-239a9da elementor-section-boxed elementor-section-height-default elementor-section-height-default\" data-id=\"239a9da\" data-element_type=\"section\">\n\t\t\t\t\t\t<div class=\"elementor-container elementor-column-gap-wide\">\n\t\t\t\t\t\t\t<div class=\"elementor-row\">\n\t\t\t\t\t<div class=\"elementor-column elementor-col-50 elementor-top-column elementor-element elementor-element-d47329d\" data-id=\"d47329d\" data-element_type=\"column\">\n\t\t\t<div class=\"elementor-column-wrap elementor-element-populated\">\n\t\t\t\t\t\t\t<div class=\"elementor-widget-wrap\">\n\t\t\t\t\t\t<div class=\"elementor-element elementor-element-b9d8e69 elementor-widget elementor-widget-text-editor\" data-id=\"b9d8e69\" data-element_type=\"widget\" data-widget_type=\"text-editor.default\">\n\t\t\t\t<div class=\"elementor-widget-container\">\n\t\t\t\t\t\t\t\t<div class=\"elementor-text-editor elementor-clearfix\">\n\t\t\t\t<p><strong>Pourquoi des festivals engagent un programme global et coh\u00e9rent d&rsquo;actions concr\u00e8tes pour le d\u00e9veloppement durable et solidaire ?<\/strong><\/p><p>\u2022 Pour assurer la durabilit\u00e9 de leurs projets,<br \/>\u2022 Pour assumer le r\u00f4le d&rsquo;acteurs dans un monde social, environnemental et culturel en mutation constante, acc\u00e9l\u00e9r\u00e9e par les ph\u00e9nom\u00e8nes de pollution mondiale<\/p>\t\t\t\t\t<\/div>\n\t\t\t\t\t\t<\/div>\n\t\t\t\t<\/div>\n\t\t\t\t<div class=\"elementor-element elementor-element-91db7c5 elementor-widget elementor-widget-text-editor\" data-id=\"91db7c5\" data-element_type=\"widget\" data-widget_type=\"text-editor.default\">\n\t\t\t\t<div class=\"elementor-widget-container\">\n\t\t\t\t\t\t\t\t<div class=\"elementor-text-editor elementor-clearfix\">\n\t\t\t\t<p><strong>Pourquoi s&rsquo;engager au sein du Collectif des festivals et signer la Charte des festivals ?<\/strong><\/p><p>\u2022 Pour \u00e9changer les exp\u00e9riences, les savoirs et diffuser les informations,<\/p><p>\u2022 Pour mutualiser des r\u00e9flexions, partager des probl\u00e9matiques communes, conduire des exp\u00e9rimentations concr\u00e8tes vers des solutions adapt\u00e9es,<\/p><p>\u2022 Pour partager les valeurs et finalit\u00e9s adapt\u00e9s \u00e0 leur secteur :<\/p><p style=\"padding-left: 40px;\">&#8211; Affirmer la place de l\u2019\u00eatre humain et de ses activit\u00e9s au c\u0153ur de l\u2019action artistique et culturelle<br \/>&#8211; Faire vivre la pluralit\u00e9 des formes artistiques comme fondement de l\u2019action culturelle : on ne saurait juger, formater et\/ou restreindre la libert\u00e9 et les moyens d\u2019expression que les artistes entendent explorer pour assumer la force de leur cr\u00e9ation<br \/>&#8211; Prot\u00e9ger les formes artistiques existantes et aider l\u2019\u00e9mergence de nouvelles formes ;<br \/>&#8211; Garantir le droit fondamental \u00e0 la diversit\u00e9 culturelle ou droit des populations \u00e0 se d\u00e9finir comme des \u00eatres ancr\u00e9s dans un univers culturel originel<br \/>&#8211; Garantir le droit \u00e0 choisir et vivre sa culture, fondement de la libre expression des populations, possibles publics du spectacle vivant<br \/>&#8211; Mettre en place les conditions de libert\u00e9 du choix, notamment en int\u00e9grant toute information objective et d\u00e9nu\u00e9e des pressions du march\u00e9 ainsi que tout projet d\u2019\u00e9ducation permettant la compr\u00e9hension des propositions ;<br \/>&#8211; Mettre en place des conditions simples et\/ou simplifi\u00e9es d\u2019accessibilit\u00e9 pour tous les publics aux choix artistiques et culturels,<br \/>&#8211; Assurer la d\u00e9mocratie participative de l\u2019action en prenant en compte toute dynamique facilitant l\u2019int\u00e9gration des initiatives et investissements de tous les acteurs concern\u00e9s ; affirmer le r\u00f4le de lien social que joue l\u2019organisation d\u2019un festival.<\/p>\t\t\t\t\t<\/div>\n\t\t\t\t\t\t<\/div>\n\t\t\t\t<\/div>\n\t\t\t\t\t\t<\/div>\n\t\t\t\t\t<\/div>\n\t\t<\/div>\n\t\t\t\t<div class=\"elementor-column elementor-col-50 elementor-top-column elementor-element elementor-element-a85c713\" data-id=\"a85c713\" data-element_type=\"column\">\n\t\t\t<div class=\"elementor-column-wrap elementor-element-populated\">\n\t\t\t\t\t\t\t<div class=\"elementor-widget-wrap\">\n\t\t\t\t\t\t<div class=\"elementor-element elementor-element-c6ec842 elementor-widget elementor-widget-text-editor\" data-id=\"c6ec842\" data-element_type=\"widget\" data-widget_type=\"text-editor.default\">\n\t\t\t\t<div class=\"elementor-widget-container\">\n\t\t\t\t\t\t\t\t<div class=\"elementor-text-editor elementor-clearfix\">\n\t\t\t\t<div><strong>Qui peut adh\u00e9rer au Collectif des festivals ?<\/strong><\/div><div>\u00a0<\/div><div>L&rsquo;adh\u00e9sion s\u2019adresse \u00e0 toute structure organisatrice d\u2019un festival en Bretagne, quelle que soit sa forme juridique et sa discipline artistique, ayant son si\u00e8ge et ses repr\u00e9sentations en Bretagne.<\/div><p style=\"text-align: justify;\">Les modalit\u00e9s d&rsquo;adh\u00e9sion sont pr\u00e9cis\u00e9es dans le <a href=\"https:\/\/www.lecollectifdesfestivals.org\/collectif\/download\/Rglement_intrieur_2023.pdf\">r\u00e8glement int\u00e9rieur<\/a> de l&rsquo;association.<\/p><p style=\"text-align: justify;\">L&rsquo;engagement et la signature de <a href=\"https:\/\/www.lecollectifdesfestivals.org\/collectif\/download\/Charte_des_festivals.pdf\">la Charte<\/a> impliquent adh\u00e9sion du festival signataire \u00e0 l&rsquo;association du Collectif des festivals, \u00e0 <a href=\"https:\/\/www.lecollectifdesfestivals.org\/collectif\/download\/Statuts.pdf\">ses statuts<\/a>, son <a href=\"https:\/\/www.lecollectifdesfestivals.org\/collectif\/download\/Rglement_intrieur_2023.pdf\">r\u00e8glement int\u00e9rieur<\/a> et \u00e0 son fonctionnement.<\/p>\t\t\t\t\t<\/div>\n\t\t\t\t\t\t<\/div>\n\t\t\t\t<\/div>\n\t\t\t\t<div class=\"elementor-element elementor-element-2bbc8c2 elementor-widget elementor-widget-text-editor\" data-id=\"2bbc8c2\" data-element_type=\"widget\" data-widget_type=\"text-editor.default\">\n\t\t\t\t<div class=\"elementor-widget-container\">\n\t\t\t\t\t\t\t\t<div class=\"elementor-text-editor elementor-clearfix\">\n\t\t\t\t<p><strong>Comment adh\u00e9rer ?<\/strong><\/p><p>Pour adh\u00e9rer au Collectif, tout festival candidat doit adresser sa candidature \u00e0 l&rsquo;association\u00a0 en envoyant dans un premier temps :<\/p><p>\u2022 <a href=\"https:\/\/www.lecollectifdesfestivals.org\/collectif\/download\/Formulaire_adhesion_Collectif.docx\">Le formulaire adh\u00e9sion<\/a>,<br \/>\u2022 Une lettre de motivation \u00e0 rejoindre le Collectif des festivals engag\u00e9s<\/p><p>Le bureau, apr\u00e8s avoir \u00e9tudi\u00e9 la recevabilit\u00e9 de la candidature demandera des \u00e9l\u00e9ments compl\u00e9mentaires afin de les pr\u00e9senter au Conseil d&rsquo;administration :<\/p><p>\u2022 le projet artistique et culturel,<br \/>\u2022 une pr\u00e9sentation des actions de responsabilit\u00e9 sociale et environnementale engag\u00e9es et de leur \u00e9tat d\u2019avancement,<br \/>\u2022 les statuts et r\u00e8glement int\u00e9rieur (si existe),<br \/>\u2022 le <a href=\"https:\/\/www.lecollectifdesfestivals.org\/collectif\/download\/Questionnaire_gouvernance.docx\">questionnaire gouvernance<\/a>,<br \/>\u2022 le bilan d\u2019activit\u00e9 et le compte de r\u00e9sultat N-1,<\/p><p>Le CA prend toutes les dispositions n\u00e9cessaires pour \u00e9mettre un avis argument\u00e9\u00a0: visite sur le festival, rencontre des dirigeants, compl\u00e9ments d\u2019informations, etc.<br \/>Il \u00e9met un avis obligatoire et l&rsquo;Assembl\u00e9e g\u00e9n\u00e9rale du Collectif (en mars) statue sur l&rsquo;entr\u00e9e du candidat.<\/p><p style=\"text-align: justify;\">Pour toute demande d&rsquo;information\u00a0et rencontre pr\u00e9alable, n&rsquo;h\u00e9sitez pas \u00e0 prendre contact avec le Collectif.<\/p><p style=\"text-align: justify;\">Nous pourrons vous en dire plus sur les th\u00e9matiques trait\u00e9es, les groupes de travail, les\u00a0recherches en cours, etc.<\/p>\t\t\t\t\t<\/div>\n\t\t\t\t\t\t<\/div>\n\t\t\t\t<\/div>\n\t\t\t\t\t\t<\/div>\n\t\t\t\t\t<\/div>\n\t\t<\/div>\n\t\t\t\t\t\t\t\t<\/div>\n\t\t\t\t\t<\/div>\n\t\t<\/section>\n\t\t\t\t<section class=\"elementor-section elementor-top-section elementor-element elementor-element-5682c217 elementor-section-boxed elementor-section-height-default elementor-section-height-default\" data-id=\"5682c217\" data-element_type=\"section\">\n\t\t\t\t\t\t<div class=\"elementor-container elementor-column-gap-default\">\n\t\t\t\t\t\t\t<div class=\"elementor-row\">\n\t\t\t\t\t<div class=\"elementor-column elementor-col-100 elementor-top-column elementor-element elementor-element-2c99d6e8\" data-id=\"2c99d6e8\" data-element_type=\"column\">\n\t\t\t<div class=\"elementor-column-wrap elementor-element-populated\">\n\t\t\t\t\t\t\t<div class=\"elementor-widget-wrap\">\n\t\t\t\t\t\t<div class=\"elementor-element elementor-element-7e069883 elementor-widget elementor-widget-text-editor\" data-id=\"7e069883\" data-element_type=\"widget\" data-widget_type=\"text-editor.default\">\n\t\t\t\t<div class=\"elementor-widget-container\">\n\t\t\t\t\t\t\t\t<div class=\"elementor-text-editor elementor-clearfix\">\n\t\t\t\t\t\t\t\t\t<\/div>\n\t\t\t\t\t\t<\/div>\n\t\t\t\t<\/div>\n\t\t\t\t\t\t<\/div>\n\t\t\t\t\t<\/div>\n\t\t<\/div>\n\t\t\t\t\t\t\t\t<\/div>\n\t\t\t\t\t<\/div>\n\t\t<\/section>\n\t\t\t\t<section class=\"elementor-section elementor-top-section elementor-element elementor-element-3031bce elementor-section-boxed elementor-section-height-default elementor-section-height-default\" data-id=\"3031bce\" data-element_type=\"section\">\n\t\t\t\t\t\t<div class=\"elementor-container elementor-column-gap-default\">\n\t\t\t\t\t\t\t<div class=\"elementor-row\">\n\t\t\t\t\t<div class=\"elementor-column elementor-col-100 elementor-top-column elementor-element elementor-element-83e5b56\" data-id=\"83e5b56\" data-element_type=\"column\">\n\t\t\t<div class=\"elementor-column-wrap elementor-element-populated\">\n\t\t\t\t\t\t\t<div class=\"elementor-widget-wrap\">\n\t\t\t\t\t\t<div class=\"elementor-element elementor-element-0cd0657 elementor-widget elementor-widget-spacer\" data-id=\"0cd0657\" data-element_type=\"widget\" data-widget_type=\"spacer.default\">\n\t\t\t\t<div class=\"elementor-widget-container\">\n\t\t\t\t\t<div class=\"elementor-spacer\">\n\t\t\t<div class=\"elementor-spacer-inner\"><\/div>\n\t\t<\/div>\n\t\t\t\t<\/div>\n\t\t\t\t<\/div>\n\t\t\t\t\t\t<\/div>\n\t\t\t\t\t<\/div>\n\t\t<\/div>\n\t\t\t\t\t\t\t\t<\/div>\n\t\t\t\t\t<\/div>\n\t\t<\/section>\n\t\t\t\t\t\t\t\t\t<\/div>\n\t\t\t<\/div>\n\t\t\t\t\t<\/div>\n\t\t","protected":false},"excerpt":{"rendered":"<p>S&rsquo;engager Pourquoi des festivals engagent un programme global et coh\u00e9rent d&rsquo;actions concr\u00e8tes pour le d\u00e9veloppement durable et solidaire ? \u2022 Pour assurer la durabilit\u00e9 de leurs projets,\u2022 Pour assumer le r\u00f4le d&rsquo;acteurs dans un monde social, environnemental et culturel en mutation constante, acc\u00e9l\u00e9r\u00e9e par les ph\u00e9nom\u00e8nes de pollution mondiale Pourquoi s&rsquo;engager au sein du Collectif&hellip;&nbsp;<a href=\"https:\/\/www.lecollectifdesfestivals.org\/collectif\/lassociation\/adherer\/\" class=\"\" rel=\"bookmark\">Lire la suite &raquo;<span class=\"screen-reader-text\">Adh\u00e9rer<\/span><\/a><\/p>\n","protected":false},"author":1,"featured_media":0,"parent":227,"menu_order":0,"comment_status":"closed","ping_status":"open","template":"","meta":{"neve_meta_sidebar":"","neve_meta_container":"","neve_meta_enable_content_width":"off","neve_meta_content_width":0,"neve_meta_title_alignment":"","neve_meta_author_avatar":"","neve_post_elements_order":"","neve_meta_disable_header":"","neve_meta_disable_footer":"","neve_meta_disable_title":"on","footnotes":""},"yoast_head":"<!-- This site is optimized with the Yoast SEO plugin v22.4 - https:\/\/yoast.com\/wordpress\/plugins\/seo\/ -->\n<title>Adh\u00e9rer &#8226; Le Collectif des festivals<\/title>\n<meta name=\"description\" content=\"Le Collectif des festivals accompagne les organisateurs de festivals de Bretagne dans leurs d\u00e9marches de d\u00e9veloppement durable et solidaire.\" \/>\n<meta name=\"robots\" content=\"index, follow, max-snippet:-1, max-image-preview:large, max-video-preview:-1\" \/>\n<link rel=\"canonical\" href=\"https:\/\/www.lecollectifdesfestivals.org\/collectif\/lassociation\/adherer\/\" \/>\n<meta property=\"og:locale\" content=\"fr_FR\" \/>\n<meta property=\"og:type\" content=\"article\" \/>\n<meta property=\"og:title\" content=\"Adh\u00e9rer &#8226; Le Collectif des festivals\" \/>\n<meta property=\"og:description\" content=\"Le Collectif des festivals accompagne les organisateurs de festivals de Bretagne dans leurs d\u00e9marches de d\u00e9veloppement durable et solidaire.\" \/>\n<meta property=\"og:url\" content=\"https:\/\/www.lecollectifdesfestivals.org\/collectif\/lassociation\/adherer\/\" \/>\n<meta property=\"og:site_name\" content=\"Le Collectif des festivals\" \/>\n<meta property=\"article:publisher\" content=\"https:\/\/www.facebook.com\/LeCollectifDesFestivals\/\" \/>\n<meta property=\"article:modified_time\" content=\"2025-08-25T07:43:03+00:00\" \/>\n<meta name=\"twitter:card\" content=\"summary_large_image\" \/>\n<meta name=\"twitter:site\" content=\"@CollFestivals\" \/>\n<meta name=\"twitter:label1\" content=\"Dur\u00e9e de lecture estim\u00e9e\" \/>\n\t<meta name=\"twitter:data1\" content=\"3 minutes\" \/>\n<script type=\"application\/ld+json\" class=\"yoast-schema-graph\">{\"@context\":\"https:\/\/schema.org\",\"@graph\":[{\"@type\":\"WebPage\",\"@id\":\"https:\/\/www.lecollectifdesfestivals.org\/collectif\/lassociation\/adherer\/\",\"url\":\"https:\/\/www.lecollectifdesfestivals.org\/collectif\/lassociation\/adherer\/\",\"name\":\"Adh\u00e9rer &#8226; Le Collectif des festivals\",\"isPartOf\":{\"@id\":\"https:\/\/www.lecollectifdesfestivals.org\/collectif\/#website\"},\"datePublished\":\"2011-02-04T15:45:22+00:00\",\"dateModified\":\"2025-08-25T07:43:03+00:00\",\"description\":\"Le Collectif des festivals accompagne les organisateurs de festivals de Bretagne dans leurs d\u00e9marches de d\u00e9veloppement durable et solidaire.\",\"breadcrumb\":{\"@id\":\"https:\/\/www.lecollectifdesfestivals.org\/collectif\/lassociation\/adherer\/#breadcrumb\"},\"inLanguage\":\"fr-FR\",\"potentialAction\":[{\"@type\":\"ReadAction\",\"target\":[\"https:\/\/www.lecollectifdesfestivals.org\/collectif\/lassociation\/adherer\/\"]}]},{\"@type\":\"BreadcrumbList\",\"@id\":\"https:\/\/www.lecollectifdesfestivals.org\/collectif\/lassociation\/adherer\/#breadcrumb\",\"itemListElement\":[{\"@type\":\"ListItem\",\"position\":1,\"name\":\"Accueil\",\"item\":\"https:\/\/www.lecollectifdesfestivals.org\/collectif\/\"},{\"@type\":\"ListItem\",\"position\":2,\"name\":\"L&#8217;association\",\"item\":\"https:\/\/www.lecollectifdesfestivals.org\/collectif\/lassociation\/\"},{\"@type\":\"ListItem\",\"position\":3,\"name\":\"Adh\u00e9rer\"}]},{\"@type\":\"WebSite\",\"@id\":\"https:\/\/www.lecollectifdesfestivals.org\/collectif\/#website\",\"url\":\"https:\/\/www.lecollectifdesfestivals.org\/collectif\/\",\"name\":\"Le Collectif des festivals\",\"description\":\"Depuis 2005,  le Collectif des festivals accompagne les transitions sociale et \u00e9cologique de la culture\",\"potentialAction\":[{\"@type\":\"SearchAction\",\"target\":{\"@type\":\"EntryPoint\",\"urlTemplate\":\"https:\/\/www.lecollectifdesfestivals.org\/collectif\/?s={search_term_string}\"},\"query-input\":\"required name=search_term_string\"}],\"inLanguage\":\"fr-FR\"}]}<\/script>\n<!-- \/ Yoast SEO plugin. -->","yoast_head_json":{"title":"Adh\u00e9rer &#8226; Le Collectif des festivals","description":"Le Collectif des festivals accompagne les organisateurs de festivals de Bretagne dans leurs d\u00e9marches de d\u00e9veloppement durable et solidaire.","robots":{"index":"index","follow":"follow","max-snippet":"max-snippet:-1","max-image-preview":"max-image-preview:large","max-video-preview":"max-video-preview:-1"},"canonical":"https:\/\/www.lecollectifdesfestivals.org\/collectif\/lassociation\/adherer\/","og_locale":"fr_FR","og_type":"article","og_title":"Adh\u00e9rer &#8226; Le Collectif des festivals","og_description":"Le Collectif des festivals accompagne les organisateurs de festivals de Bretagne dans leurs d\u00e9marches de d\u00e9veloppement durable et solidaire.","og_url":"https:\/\/www.lecollectifdesfestivals.org\/collectif\/lassociation\/adherer\/","og_site_name":"Le Collectif des festivals","article_publisher":"https:\/\/www.facebook.com\/LeCollectifDesFestivals\/","article_modified_time":"2025-08-25T07:43:03+00:00","twitter_card":"summary_large_image","twitter_site":"@CollFestivals","twitter_misc":{"Dur\u00e9e de lecture estim\u00e9e":"3 minutes"},"schema":{"@context":"https:\/\/schema.org","@graph":[{"@type":"WebPage","@id":"https:\/\/www.lecollectifdesfestivals.org\/collectif\/lassociation\/adherer\/","url":"https:\/\/www.lecollectifdesfestivals.org\/collectif\/lassociation\/adherer\/","name":"Adh\u00e9rer &#8226; Le Collectif des festivals","isPartOf":{"@id":"https:\/\/www.lecollectifdesfestivals.org\/collectif\/#website"},"datePublished":"2011-02-04T15:45:22+00:00","dateModified":"2025-08-25T07:43:03+00:00","description":"Le Collectif des festivals accompagne les organisateurs de festivals de Bretagne dans leurs d\u00e9marches de d\u00e9veloppement durable et solidaire.","breadcrumb":{"@id":"https:\/\/www.lecollectifdesfestivals.org\/collectif\/lassociation\/adherer\/#breadcrumb"},"inLanguage":"fr-FR","potentialAction":[{"@type":"ReadAction","target":["https:\/\/www.lecollectifdesfestivals.org\/collectif\/lassociation\/adherer\/"]}]},{"@type":"BreadcrumbList","@id":"https:\/\/www.lecollectifdesfestivals.org\/collectif\/lassociation\/adherer\/#breadcrumb","itemListElement":[{"@type":"ListItem","position":1,"name":"Accueil","item":"https:\/\/www.lecollectifdesfestivals.org\/collectif\/"},{"@type":"ListItem","position":2,"name":"L&#8217;association","item":"https:\/\/www.lecollectifdesfestivals.org\/collectif\/lassociation\/"},{"@type":"ListItem","position":3,"name":"Adh\u00e9rer"}]},{"@type":"WebSite","@id":"https:\/\/www.lecollectifdesfestivals.org\/collectif\/#website","url":"https:\/\/www.lecollectifdesfestivals.org\/collectif\/","name":"Le Collectif des festivals","description":"Depuis 2005,  le Collectif des festivals accompagne les transitions sociale et \u00e9cologique de la culture","potentialAction":[{"@type":"SearchAction","target":{"@type":"EntryPoint","urlTemplate":"https:\/\/www.lecollectifdesfestivals.org\/collectif\/?s={search_term_string}"},"query-input":"required name=search_term_string"}],"inLanguage":"fr-FR"}]}},"_links":{"self":[{"href":"https:\/\/www.lecollectifdesfestivals.org\/collectif\/wp-json\/wp\/v2\/pages\/240"}],"collection":[{"href":"https:\/\/www.lecollectifdesfestivals.org\/collectif\/wp-json\/wp\/v2\/pages"}],"about":[{"href":"https:\/\/www.lecollectifdesfestivals.org\/collectif\/wp-json\/wp\/v2\/types\/page"}],"author":[{"embeddable":true,"href":"https:\/\/www.lecollectifdesfestivals.org\/collectif\/wp-json\/wp\/v2\/users\/1"}],"replies":[{"embeddable":true,"href":"https:\/\/www.lecollectifdesfestivals.org\/collectif\/wp-json\/wp\/v2\/comments?post=240"}],"version-history":[{"count":3,"href":"https:\/\/www.lecollectifdesfestivals.org\/collectif\/wp-json\/wp\/v2\/pages\/240\/revisions"}],"predecessor-version":[{"id":30046,"href":"https:\/\/www.lecollectifdesfestivals.org\/collectif\/wp-json\/wp\/v2\/pages\/240\/revisions\/30046"}],"up":[{"embeddable":true,"href":"https:\/\/www.lecollectifdesfestivals.org\/collectif\/wp-json\/wp\/v2\/pages\/227"}],"wp:attachment":[{"href":"https:\/\/www.lecollectifdesfestivals.org\/collectif\/wp-json\/wp\/v2\/media?parent=240"}],"curies":[{"name":"wp","href":"https:\/\/api.w.org\/{rel}","templated":true}]}}