{"id":326,"date":"2011-02-07T14:47:00","date_gmt":"2011-02-07T14:47:00","guid":{"rendered":"http:\/\/www.lecollectifdesfestivals.org\/site\/?page_id=326"},"modified":"2023-06-28T11:49:37","modified_gmt":"2023-06-28T09:49:37","slug":"textes-fondamentaux","status":"publish","type":"page","link":"https:\/\/www.lecollectifdesfestivals.org\/collectif\/textes-fondamentaux\/","title":{"rendered":"Textes fondateurs"},"content":{"rendered":"<p><strong>\u2022 Charte des festivals engag\u00e9s pour le d\u00e9veloppement durable et solidaire<\/strong> <a href=\"https:\/\/www.lecollectifdesfestivals.org\/collectif\/download\/Charte_des_festivals.pdf\">T\u00e9l\u00e9chargez<\/a><strong><br \/><\/strong><\/p>\n<p><strong>\u2022 Agenda 21 de la culture <\/strong><a href=\"https:\/\/www.lecollectifdesfestivals.org\/collectif\/download\/Agenda_21_de_la_culture_2008.pdf\">T\u00e9l\u00e9chargez<\/a><strong><br \/><\/strong><\/p>\n<p><strong>\u2022 D\u00e9claration de Fribourg sur les droits culturels <\/strong><a href=\"https:\/\/www.lecollectifdesfestivals.org\/collectif\/download\/Declaration_Fribourg_Droits_culturels_2007.pdf\">T\u00e9l\u00e9chargez<\/a><strong><br \/><\/strong><\/p>\n<p><strong>\u2022 D\u00e9claration universelle de l&rsquo;Unesco sur la diversit\u00e9 culturelle <\/strong><a href=\"https:\/\/www.lecollectifdesfestivals.org\/collectif\/download\/Declaration_Unesco_diversite_culturelle_2002.pdf\">T\u00e9l\u00e9chargez<\/a><strong><br \/><\/strong><\/p>\n<p><strong>\u2022 <\/strong><strong>Culture, 4\u00e8me pilier du d\u00e9veloppement durable<\/strong> <a href=\"https:\/\/www.lecollectifdesfestivals.org\/collectif\/download\/Culture_4e_pilier_DD_CGLU_2010.pdf\">T\u00e9l\u00e9chargez<\/a><\/p>\n<p><strong>\u2022 La convention de l&rsquo;Unesco pour la sauvegarde du patrimoine culturel immat\u00e9riel<\/strong> <a href=\"https:\/\/www.lecollectifdesfestivals.org\/collectif\/download\/Convention_Unesco_PCI_2003.pdf\">T\u00e9l\u00e9chargez<\/a><\/p>\n\n\n<div style=\"height:100px\" aria-hidden=\"true\" class=\"wp-block-spacer\"><\/div>\n","protected":false},"excerpt":{"rendered":"<p>\u2022 Charte des festivals engag\u00e9s pour le d\u00e9veloppement durable et solidaire T\u00e9l\u00e9chargez \u2022 Agenda 21 de la culture T\u00e9l\u00e9chargez \u2022 D\u00e9claration de Fribourg sur les droits culturels T\u00e9l\u00e9chargez \u2022 D\u00e9claration universelle de l&rsquo;Unesco sur la diversit\u00e9 culturelle T\u00e9l\u00e9chargez \u2022 Culture, 4\u00e8me pilier du d\u00e9veloppement durable T\u00e9l\u00e9chargez \u2022 La convention de l&rsquo;Unesco pour la sauvegarde du&hellip;&nbsp;<a href=\"https:\/\/www.lecollectifdesfestivals.org\/collectif\/textes-fondamentaux\/\" class=\"\" rel=\"bookmark\">Lire la suite &raquo;<span class=\"screen-reader-text\">Textes fondateurs<\/span><\/a><\/p>\n","protected":false},"author":1,"featured_media":0,"parent":0,"menu_order":0,"comment_status":"closed","ping_status":"open","template":"","meta":{"neve_meta_sidebar":"","neve_meta_container":"","neve_meta_enable_content_width":"off","neve_meta_content_width":0,"neve_meta_title_alignment":"","neve_meta_author_avatar":"","neve_post_elements_order":"","neve_meta_disable_header":"","neve_meta_disable_footer":"","neve_meta_disable_title":"","footnotes":""},"yoast_head":"<!-- This site is optimized with the Yoast SEO plugin v22.4 - https:\/\/yoast.com\/wordpress\/plugins\/seo\/ -->\n<title>Textes fondateurs &#8226; Le Collectif des festivals<\/title>\n<meta name=\"description\" content=\"Le Collectif des festivals accompagne les organisateurs de festivals de Bretagne dans leurs d\u00e9marches de d\u00e9veloppement durable et solidaire.\" \/>\n<meta name=\"robots\" content=\"index, follow, max-snippet:-1, max-image-preview:large, max-video-preview:-1\" \/>\n<link rel=\"canonical\" href=\"https:\/\/www.lecollectifdesfestivals.org\/collectif\/textes-fondamentaux\/\" \/>\n<meta property=\"og:locale\" content=\"fr_FR\" \/>\n<meta property=\"og:type\" content=\"article\" \/>\n<meta property=\"og:title\" content=\"Textes fondateurs &#8226; Le Collectif des festivals\" \/>\n<meta property=\"og:description\" content=\"Le Collectif des festivals accompagne les organisateurs de festivals de Bretagne dans leurs d\u00e9marches de d\u00e9veloppement durable et solidaire.\" \/>\n<meta property=\"og:url\" content=\"https:\/\/www.lecollectifdesfestivals.org\/collectif\/textes-fondamentaux\/\" \/>\n<meta property=\"og:site_name\" content=\"Le Collectif des festivals\" \/>\n<meta property=\"article:publisher\" content=\"https:\/\/www.facebook.com\/LeCollectifDesFestivals\/\" \/>\n<meta property=\"article:modified_time\" content=\"2023-06-28T09:49:37+00:00\" \/>\n<meta name=\"twitter:card\" content=\"summary_large_image\" \/>\n<meta name=\"twitter:site\" content=\"@CollFestivals\" \/>\n<meta name=\"twitter:label1\" content=\"Dur\u00e9e de lecture estim\u00e9e\" \/>\n\t<meta name=\"twitter:data1\" content=\"1 minute\" \/>\n<script type=\"application\/ld+json\" class=\"yoast-schema-graph\">{\"@context\":\"https:\/\/schema.org\",\"@graph\":[{\"@type\":\"WebPage\",\"@id\":\"https:\/\/www.lecollectifdesfestivals.org\/collectif\/textes-fondamentaux\/\",\"url\":\"https:\/\/www.lecollectifdesfestivals.org\/collectif\/textes-fondamentaux\/\",\"name\":\"Textes fondateurs &#8226; Le Collectif des festivals\",\"isPartOf\":{\"@id\":\"https:\/\/www.lecollectifdesfestivals.org\/collectif\/#website\"},\"datePublished\":\"2011-02-07T14:47:00+00:00\",\"dateModified\":\"2023-06-28T09:49:37+00:00\",\"description\":\"Le Collectif des festivals accompagne les organisateurs de festivals de Bretagne dans leurs d\u00e9marches de d\u00e9veloppement durable et solidaire.\",\"breadcrumb\":{\"@id\":\"https:\/\/www.lecollectifdesfestivals.org\/collectif\/textes-fondamentaux\/#breadcrumb\"},\"inLanguage\":\"fr-FR\",\"potentialAction\":[{\"@type\":\"ReadAction\",\"target\":[\"https:\/\/www.lecollectifdesfestivals.org\/collectif\/textes-fondamentaux\/\"]}]},{\"@type\":\"BreadcrumbList\",\"@id\":\"https:\/\/www.lecollectifdesfestivals.org\/collectif\/textes-fondamentaux\/#breadcrumb\",\"itemListElement\":[{\"@type\":\"ListItem\",\"position\":1,\"name\":\"Accueil\",\"item\":\"https:\/\/www.lecollectifdesfestivals.org\/collectif\/\"},{\"@type\":\"ListItem\",\"position\":2,\"name\":\"Textes fondateurs\"}]},{\"@type\":\"WebSite\",\"@id\":\"https:\/\/www.lecollectifdesfestivals.org\/collectif\/#website\",\"url\":\"https:\/\/www.lecollectifdesfestivals.org\/collectif\/\",\"name\":\"Le Collectif des festivals\",\"description\":\"Depuis 2005,  le Collectif des festivals accompagne les transitions sociale et \u00e9cologique de la culture\",\"potentialAction\":[{\"@type\":\"SearchAction\",\"target\":{\"@type\":\"EntryPoint\",\"urlTemplate\":\"https:\/\/www.lecollectifdesfestivals.org\/collectif\/?s={search_term_string}\"},\"query-input\":\"required name=search_term_string\"}],\"inLanguage\":\"fr-FR\"}]}<\/script>\n<!-- \/ Yoast SEO plugin. -->","yoast_head_json":{"title":"Textes fondateurs &#8226; Le Collectif des festivals","description":"Le Collectif des festivals accompagne les organisateurs de festivals de Bretagne dans leurs d\u00e9marches de d\u00e9veloppement durable et solidaire.","robots":{"index":"index","follow":"follow","max-snippet":"max-snippet:-1","max-image-preview":"max-image-preview:large","max-video-preview":"max-video-preview:-1"},"canonical":"https:\/\/www.lecollectifdesfestivals.org\/collectif\/textes-fondamentaux\/","og_locale":"fr_FR","og_type":"article","og_title":"Textes fondateurs &#8226; Le Collectif des festivals","og_description":"Le Collectif des festivals accompagne les organisateurs de festivals de Bretagne dans leurs d\u00e9marches de d\u00e9veloppement durable et solidaire.","og_url":"https:\/\/www.lecollectifdesfestivals.org\/collectif\/textes-fondamentaux\/","og_site_name":"Le Collectif des festivals","article_publisher":"https:\/\/www.facebook.com\/LeCollectifDesFestivals\/","article_modified_time":"2023-06-28T09:49:37+00:00","twitter_card":"summary_large_image","twitter_site":"@CollFestivals","twitter_misc":{"Dur\u00e9e de lecture estim\u00e9e":"1 minute"},"schema":{"@context":"https:\/\/schema.org","@graph":[{"@type":"WebPage","@id":"https:\/\/www.lecollectifdesfestivals.org\/collectif\/textes-fondamentaux\/","url":"https:\/\/www.lecollectifdesfestivals.org\/collectif\/textes-fondamentaux\/","name":"Textes fondateurs &#8226; Le Collectif des festivals","isPartOf":{"@id":"https:\/\/www.lecollectifdesfestivals.org\/collectif\/#website"},"datePublished":"2011-02-07T14:47:00+00:00","dateModified":"2023-06-28T09:49:37+00:00","description":"Le Collectif des festivals accompagne les organisateurs de festivals de Bretagne dans leurs d\u00e9marches de d\u00e9veloppement durable et solidaire.","breadcrumb":{"@id":"https:\/\/www.lecollectifdesfestivals.org\/collectif\/textes-fondamentaux\/#breadcrumb"},"inLanguage":"fr-FR","potentialAction":[{"@type":"ReadAction","target":["https:\/\/www.lecollectifdesfestivals.org\/collectif\/textes-fondamentaux\/"]}]},{"@type":"BreadcrumbList","@id":"https:\/\/www.lecollectifdesfestivals.org\/collectif\/textes-fondamentaux\/#breadcrumb","itemListElement":[{"@type":"ListItem","position":1,"name":"Accueil","item":"https:\/\/www.lecollectifdesfestivals.org\/collectif\/"},{"@type":"ListItem","position":2,"name":"Textes fondateurs"}]},{"@type":"WebSite","@id":"https:\/\/www.lecollectifdesfestivals.org\/collectif\/#website","url":"https:\/\/www.lecollectifdesfestivals.org\/collectif\/","name":"Le Collectif des festivals","description":"Depuis 2005,  le Collectif des festivals accompagne les transitions sociale et \u00e9cologique de la culture","potentialAction":[{"@type":"SearchAction","target":{"@type":"EntryPoint","urlTemplate":"https:\/\/www.lecollectifdesfestivals.org\/collectif\/?s={search_term_string}"},"query-input":"required name=search_term_string"}],"inLanguage":"fr-FR"}]}},"_links":{"self":[{"href":"https:\/\/www.lecollectifdesfestivals.org\/collectif\/wp-json\/wp\/v2\/pages\/326"}],"collection":[{"href":"https:\/\/www.lecollectifdesfestivals.org\/collectif\/wp-json\/wp\/v2\/pages"}],"about":[{"href":"https:\/\/www.lecollectifdesfestivals.org\/collectif\/wp-json\/wp\/v2\/types\/page"}],"author":[{"embeddable":true,"href":"https:\/\/www.lecollectifdesfestivals.org\/collectif\/wp-json\/wp\/v2\/users\/1"}],"replies":[{"embeddable":true,"href":"https:\/\/www.lecollectifdesfestivals.org\/collectif\/wp-json\/wp\/v2\/comments?post=326"}],"version-history":[{"count":3,"href":"https:\/\/www.lecollectifdesfestivals.org\/collectif\/wp-json\/wp\/v2\/pages\/326\/revisions"}],"predecessor-version":[{"id":22873,"href":"https:\/\/www.lecollectifdesfestivals.org\/collectif\/wp-json\/wp\/v2\/pages\/326\/revisions\/22873"}],"wp:attachment":[{"href":"https:\/\/www.lecollectifdesfestivals.org\/collectif\/wp-json\/wp\/v2\/media?parent=326"}],"curies":[{"name":"wp","href":"https:\/\/api.w.org\/{rel}","templated":true}]}}